{"id":2393,"date":"2019-02-06T12:40:00","date_gmt":"2019-02-06T11:40:00","guid":{"rendered":"http:\/\/osfm-blagovna.splet.arnes.si\/?page_id=2393"},"modified":"2023-06-06T11:08:43","modified_gmt":"2023-06-06T09:08:43","slug":"solsko-leto-20192020","status":"publish","type":"page","link":"https:\/\/www.os-blagovna.si\/?page_id=2393","title":{"rendered":"\u0160olsko leto 2023\/2024"},"content":{"rendered":"<p><a href=\"https:\/\/www.os-blagovna.si\/files\/2023\/06\/zvezki_blagovna-23-24.pdf\" target=\"_blank\" rel=\"noopener\"><strong>SEZNAM ZVEZKOV PO RAZREDIH IN PREDMETIH<\/strong><\/a><\/p>\n<p>&nbsp;<\/p>\n<p><a href=\"https:\/\/www.os-blagovna.si\/files\/2023\/04\/DZ-3.pdf\" target=\"_blank\" rel=\"noopener\">OBVESTILO O U\u010cBENIKIH IN DELOVNIH ZVEZKIH<\/a><\/p>\n<p><a href=\"https:\/\/www.os-blagovna.si\/files\/2023\/04\/pb-jv_BL.pdf\" target=\"_blank\" rel=\"noopener\">PRIJAVA U\u010cENCA V JUTRANJE VARSTVO VOZA\u010cEV IN PODALJ\u0160ANO BIVANJE<\/a><\/p>\n<p><a href=\"https:\/\/www.os-blagovna.si\/files\/2023\/04\/NIP4.pdf\" target=\"_blank\" rel=\"noopener\">NEOBVEZNI IZBIRNI PREDMETI ZA 4. RAZRED<\/a><\/p>\n<p><a href=\"https:\/\/www.os-blagovna.si\/files\/2023\/04\/NIP5.pdf\" target=\"_blank\" rel=\"noopener\">NEOBVEZNI IZBIRNI PREDMETI ZA 5. RAZRED<\/a><\/p>\n<p><a href=\"https:\/\/www.os-blagovna.si\/files\/2023\/04\/NIP6.pdf\" target=\"_blank\" rel=\"noopener\">NEOBVEZNI IZBIRNI PREDMETI ZA 6. RAZRED<\/a><\/p>\n<p>&nbsp;<\/p>\n<p>&nbsp;<\/p>\n<hr>\n<p><strong><a href=\"http:\/\/osfm-blagovna.splet.arnes.si\/files\/2021\/05\/ElektronskoIzpolnjevanjePDFObrazcev.pdf\" target=\"_blank\" rel=\"noopener noreferrer\">Navodila za elektronsko izpolnjevanje PDF obrazcev<\/a> <\/strong><\/p>\n","protected":false},"excerpt":{"rendered":"<p>SEZNAM ZVEZKOV PO RAZREDIH IN PREDMETIH &nbsp; OBVESTILO O U\u010cBENIKIH IN DELOVNIH ZVEZKIH PRIJAVA U\u010cENCA V JUTRANJE VARSTVO VOZA\u010cEV IN PODALJ\u0160ANO BIVANJE NEOBVEZNI IZBIRNI PREDMETI ZA 4. RAZRED NEOBVEZNI IZBIRNI PREDMETI ZA 5. RAZRED NEOBVEZNI IZBIRNI PREDMETI ZA 6. RAZRED &nbsp; &nbsp; Navodila za elektronsko izpolnjevanje PDF obrazcev<\/p>\n","protected":false},"author":4407,"featured_media":0,"parent":0,"menu_order":0,"comment_status":"closed","ping_status":"closed","template":"","meta":{"_et_pb_use_builder":"","_et_pb_old_content":"","_et_gb_content_width":"","ngg_post_thumbnail":0,"footnotes":"","_expiration-date-status":"","_expiration-date":0,"_expiration-date-type":"","_expiration-date-categories":[],"_expiration-date-options":[]},"class_list":["post-2393","page","type-page","status-publish","hentry"],"_links":{"self":[{"href":"https:\/\/www.os-blagovna.si\/index.php?rest_route=\/wp\/v2\/pages\/2393","targetHints":{"allow":["GET"]}}],"collection":[{"href":"https:\/\/www.os-blagovna.si\/index.php?rest_route=\/wp\/v2\/pages"}],"about":[{"href":"https:\/\/www.os-blagovna.si\/index.php?rest_route=\/wp\/v2\/types\/page"}],"author":[{"embeddable":true,"href":"https:\/\/www.os-blagovna.si\/index.php?rest_route=\/wp\/v2\/users\/4407"}],"replies":[{"embeddable":true,"href":"https:\/\/www.os-blagovna.si\/index.php?rest_route=%2Fwp%2Fv2%2Fcomments&post=2393"}],"version-history":[{"count":40,"href":"https:\/\/www.os-blagovna.si\/index.php?rest_route=\/wp\/v2\/pages\/2393\/revisions"}],"predecessor-version":[{"id":5657,"href":"https:\/\/www.os-blagovna.si\/index.php?rest_route=\/wp\/v2\/pages\/2393\/revisions\/5657"}],"wp:attachment":[{"href":"https:\/\/www.os-blagovna.si\/index.php?rest_route=%2Fwp%2Fv2%2Fmedia&parent=2393"}],"curies":[{"name":"wp","href":"https:\/\/api.w.org\/{rel}","templated":true}]}}