{"id":2863,"date":"2019-08-12T13:03:43","date_gmt":"2019-08-12T11:03:43","guid":{"rendered":"http:\/\/osfm-blagovna.splet.arnes.si\/?page_id=2863"},"modified":"2023-11-08T11:29:36","modified_gmt":"2023-11-08T10:29:36","slug":"sodelovanje-s-starsi","status":"publish","type":"page","link":"https:\/\/www.os-blagovna.si\/?page_id=2863","title":{"rendered":"Sodelovanje s star\u0161i"},"content":{"rendered":"<p>[et_pb_section fb_built=&#8221;1&#8243; fullwidth=&#8221;on&#8221; admin_label=&#8221;section&#8221; _builder_version=&#8221;4.16&#8243; global_colors_info=&#8221;{}&#8221;][et_pb_fullwidth_slider admin_label=&#8221;Fullwidth Slider&#8221; _builder_version=&#8221;4.18.0&#8243; custom_padding=&#8221;|||&#8221; custom_padding_tablet=&#8221;|||&#8221; custom_padding_phone=&#8221;|||&#8221; box_shadow_style=&#8221;preset6&#8243; box_shadow_blur=&#8221;10px&#8221; box_shadow_color=&#8221;rgba(0,0,0,0.1)&#8221; remove_inner_shadow=&#8221;off&#8221; hide_content_on_mobile=&#8221;off&#8221; hide_cta_on_mobile=&#8221;off&#8221; show_inner_shadow=&#8221;on&#8221; button_letter_spacing_hover=&#8221;0&#8243; global_module=&#8221;1575&#8243; saved_tabs=&#8221;all&#8221; global_colors_info=&#8221;{}&#8221; button_text_size__hover_enabled=&#8221;off&#8221; button_one_text_size__hover_enabled=&#8221;off&#8221; button_two_text_size__hover_enabled=&#8221;off&#8221; button_text_color__hover_enabled=&#8221;off&#8221; button_one_text_color__hover_enabled=&#8221;off&#8221; button_two_text_color__hover_enabled=&#8221;off&#8221; button_border_width__hover_enabled=&#8221;off&#8221; button_one_border_width__hover_enabled=&#8221;off&#8221; button_two_border_width__hover_enabled=&#8221;off&#8221; button_border_color__hover_enabled=&#8221;off&#8221; button_one_border_color__hover_enabled=&#8221;off&#8221; button_two_border_color__hover_enabled=&#8221;off&#8221; button_border_radius__hover_enabled=&#8221;off&#8221; button_one_border_radius__hover_enabled=&#8221;off&#8221; button_two_border_radius__hover_enabled=&#8221;off&#8221; button_letter_spacing__hover_enabled=&#8221;on&#8221; button_letter_spacing__hover=&#8221;0&#8243; button_one_letter_spacing__hover_enabled=&#8221;off&#8221; button_two_letter_spacing__hover_enabled=&#8221;off&#8221; button_bg_color__hover_enabled=&#8221;off&#8221; button_one_bg_color__hover_enabled=&#8221;off&#8221; button_two_bg_color__hover_enabled=&#8221;off&#8221;][et_pb_slide heading=&#8221;PO\u0160 Blagovna&#8221; _builder_version=&#8221;4.18.0&#8243; background_image=&#8221;https:\/\/www.os-blagovna.si\/files\/2015\/08\/blag4.jpg&#8221; background_enable_image=&#8221;on&#8221; button_icon_placement=&#8221;right&#8221; button_on_hover=&#8221;on&#8221; global_colors_info=&#8221;{}&#8221; button_one_text_size__hover_enabled=&#8221;off&#8221; button_two_text_size__hover_enabled=&#8221;off&#8221; button_one_text_color__hover_enabled=&#8221;off&#8221; button_two_text_color__hover_enabled=&#8221;off&#8221; button_one_border_width__hover_enabled=&#8221;off&#8221; button_two_border_width__hover_enabled=&#8221;off&#8221; button_one_border_color__hover_enabled=&#8221;off&#8221; button_two_border_color__hover_enabled=&#8221;off&#8221; button_one_border_radius__hover_enabled=&#8221;off&#8221; button_two_border_radius__hover_enabled=&#8221;off&#8221; button_letter_spacing__hover_enabled=&#8221;off&#8221; button_one_letter_spacing__hover_enabled=&#8221;off&#8221; button_two_letter_spacing__hover_enabled=&#8221;off&#8221; button_one_bg_color__hover_enabled=&#8221;off&#8221; button_two_bg_color__hover_enabled=&#8221;off&#8221; sticky_transition=&#8221;on&#8221;][\/et_pb_slide][et_pb_slide _builder_version=&#8221;4.18.0&#8243; _module_preset=&#8221;default&#8221; background_image=&#8221;https:\/\/www.os-blagovna.si\/files\/2015\/08\/logo-blagovna2.jpg&#8221; background_enable_image=&#8221;on&#8221; global_colors_info=&#8221;{}&#8221; sticky_transition=&#8221;on&#8221;][\/et_pb_slide][\/et_pb_fullwidth_slider][et_pb_fullwidth_menu menu_id=&#8221;4&#8243; menu_style=&#8221;centered&#8221; submenu_direction=&#8221;downwards&#8221; admin_label=&#8221;Fullwidth Menu&#8221; _builder_version=&#8221;4.18.0&#8243; background_color=&#8221;#fff347&#8243; hover_enabled=&#8221;0&#8243; global_colors_info=&#8221;{}&#8221; sticky_enabled=&#8221;0&#8243;][\/et_pb_fullwidth_menu][\/et_pb_section][et_pb_section fb_built=&#8221;1&#8243; admin_label=&#8221;section&#8221; _builder_version=&#8221;4.16&#8243; global_colors_info=&#8221;{}&#8221;][et_pb_row column_structure=&#8221;2_3,1_3&#8243; admin_label=&#8221;row&#8221; _builder_version=&#8221;4.16&#8243; background_size=&#8221;initial&#8221; background_position=&#8221;top_left&#8221; background_repeat=&#8221;repeat&#8221; global_colors_info=&#8221;{}&#8221;][et_pb_column type=&#8221;2_3&#8243; _builder_version=&#8221;4.16&#8243; custom_padding=&#8221;|||&#8221; global_colors_info=&#8221;{}&#8221; custom_padding__hover=&#8221;|||&#8221;][et_pb_text admin_label=&#8221;vsebina&#8221; _builder_version=&#8221;4.16&#8243; background_size=&#8221;initial&#8221; background_position=&#8221;top_left&#8221; background_repeat=&#8221;repeat&#8221; use_border_color=&#8221;off&#8221; border_color=&#8221;#ffffff&#8221; border_style=&#8221;solid&#8221; global_colors_info=&#8221;{}&#8221;]<strong>Sodelovanje s star\u0161i<\/strong><\/p>\n<p>U\u010ditelji in star\u0161i imamo skupni cilj. Prizadevamo si za zadovoljstvo, sre\u010do, samostojnost in uspeh otrok.<\/p>\n<p>Na poti otrokovega optimalnega razvoja si moramo star\u0161i in u\u010ditelji stati ob strani ter si skupno pot laj\u0161ati z dobro, u\u010dinkovito in obojestransko komunikacijo.<\/p>\n<p>Prizadevamo si, da vam star\u0161em nudimo oporo, dodatno spodbudo in pomo\u010d pri vzgoji. Od star\u0161ev pri\u010dakujemo, da spremljate otrokovo \u0161olsko delo, ste odkriti v odnosih s \u0161olo in ste s po\u0161tenostjo ter odgovornostjo zgled svojim otrokom.<\/p>\n<p>V \u017eelji po sodelovanju imamo na \u0161oli vzpostavljene naslednje oblike sodelovanja:<\/p>\n<p><strong>RODITELJSKI SESTANKI<\/strong>\u00a0<strong>S PREDAVANJI ZA STAR\u0160E<\/strong> so organizirani dvakrat, v septembru in februarju. Namenjeni so obravnavi vzgojno-izobra\u017eevalnih vpra\u0161anj na nivoju razredne skupnosti, seznanjanju star\u0161ev z u\u010dnimi na\u010drti, s predmetnikom, \u0161olskim koledarjem, letnim delovnim na\u010drtom \u0161ole in drugimi zakonskimi predpisi.<\/p>\n<p><strong>POPOLDANSKE GOVORILNE URE<\/strong>\u00a0so skupne ali individualne, organizirane so enkrat mese\u010dno. Namenjene \u00a0so izmenjavi informacij o u\u010dencu. Star\u0161e seznanimo z napredkom, vedenjem, uspehom, zadovoljstvom njihovega otroka v \u0161oli. Udele\u017eba na govorilnih urah je izjemno pomembna, saj otroci potrebujejo pohvale, spodbude in pomo\u010d. Sprotno ukrepanje je za uspe\u0161no delo otrok v \u0161oli klju\u010dnega pomena. Star\u0161i se z u\u010diteljem vnaprej dogovorijo za termin pogovora.<\/p>\n<p><strong>DOPOLDANSKE GOVORILNE URE<\/strong>\u00a0so organiziranje od oktobra naprej vsak teden za star\u0161e, ki se popoldanskih govorilnih ur niso mogli udele\u017eiti. Star\u0161i se z u\u010diteljem vnaprej dogovorijo za termin pogovora.<\/p>\n<p><strong>SVET STAR\u0160EV<\/strong>\u00a0vklju\u010duje na roditeljskih sestankih izvoljene predstavnike vseh oddelkov. Je posvetovalni organ, obravnava pa vsa aktualna vpra\u0161anja glede vsebine, izvedbe in realizacije letnega delovnega na\u010drta \u0161ole, obravnava vpra\u0161anja, ki se nana\u0161ajo na posamezne oddel\u010dne skupnosti, triletja ali \u0161olo kot celoto, vodstvu \u0161ole posreduje razli\u010dna mnenja, \u017eelje in predloge star\u0161ev.<\/p>\n<p>Star\u0161i ste poleg tega vabljeni tudi na sodelovanje pri pouku, odprte u\u010dne ure, spremstva na dnevih dejavnosti, predstavitve projektov, prireditve \u2026<\/p>\n<p>&nbsp;<\/p>\n<p>&nbsp;<br \/>\n[\/et_pb_text][\/et_pb_column][et_pb_column type=&#8221;1_3&#8243; _builder_version=&#8221;4.16&#8243; custom_padding=&#8221;|||&#8221; global_colors_info=&#8221;{}&#8221; custom_padding__hover=&#8221;|||&#8221;][\/et_pb_column][\/et_pb_row][\/et_pb_section]<\/p>\n","protected":false},"excerpt":{"rendered":"<p>Sodelovanje s star\u0161i U\u010ditelji in star\u0161i imamo skupni cilj. Prizadevamo si za zadovoljstvo, sre\u010do, samostojnost in uspeh otrok. Na poti otrokovega optimalnega razvoja si moramo star\u0161i in u\u010ditelji stati ob strani ter si skupno pot laj\u0161ati z dobro, u\u010dinkovito in obojestransko komunikacijo. Prizadevamo si, da vam star\u0161em nudimo oporo, dodatno spodbudo in pomo\u010d pri vzgoji. [&hellip;]<\/p>\n","protected":false},"author":4606,"featured_media":0,"parent":0,"menu_order":0,"comment_status":"closed","ping_status":"closed","template":"","meta":{"_et_pb_use_builder":"on","_et_pb_old_content":"","_et_gb_content_width":"","ngg_post_thumbnail":0,"footnotes":"","_expiration-date-status":"","_expiration-date":0,"_expiration-date-type":"","_expiration-date-categories":[],"_expiration-date-options":[]},"class_list":["post-2863","page","type-page","status-publish","hentry"],"_links":{"self":[{"href":"https:\/\/www.os-blagovna.si\/index.php?rest_route=\/wp\/v2\/pages\/2863","targetHints":{"allow":["GET"]}}],"collection":[{"href":"https:\/\/www.os-blagovna.si\/index.php?rest_route=\/wp\/v2\/pages"}],"about":[{"href":"https:\/\/www.os-blagovna.si\/index.php?rest_route=\/wp\/v2\/types\/page"}],"author":[{"embeddable":true,"href":"https:\/\/www.os-blagovna.si\/index.php?rest_route=\/wp\/v2\/users\/4606"}],"replies":[{"embeddable":true,"href":"https:\/\/www.os-blagovna.si\/index.php?rest_route=%2Fwp%2Fv2%2Fcomments&post=2863"}],"version-history":[{"count":3,"href":"https:\/\/www.os-blagovna.si\/index.php?rest_route=\/wp\/v2\/pages\/2863\/revisions"}],"predecessor-version":[{"id":6257,"href":"https:\/\/www.os-blagovna.si\/index.php?rest_route=\/wp\/v2\/pages\/2863\/revisions\/6257"}],"wp:attachment":[{"href":"https:\/\/www.os-blagovna.si\/index.php?rest_route=%2Fwp%2Fv2%2Fmedia&parent=2863"}],"curies":[{"name":"wp","href":"https:\/\/api.w.org\/{rel}","templated":true}]}}