{"id":2867,"date":"2019-08-12T13:05:23","date_gmt":"2019-08-12T11:05:23","guid":{"rendered":"http:\/\/osfm-blagovna.splet.arnes.si\/?page_id=2867"},"modified":"2023-11-08T11:32:01","modified_gmt":"2023-11-08T10:32:01","slug":"prometna-varnost","status":"publish","type":"page","link":"https:\/\/www.os-blagovna.si\/?page_id=2867","title":{"rendered":"Prometna varnost"},"content":{"rendered":"<p>[et_pb_section fb_built=&#8221;1&#8243; fullwidth=&#8221;on&#8221; admin_label=&#8221;section&#8221; _builder_version=&#8221;4.16&#8243; global_colors_info=&#8221;{}&#8221;][et_pb_fullwidth_slider admin_label=&#8221;Fullwidth Slider&#8221; _builder_version=&#8221;4.18.0&#8243; custom_padding=&#8221;|||&#8221; custom_padding_tablet=&#8221;|||&#8221; custom_padding_phone=&#8221;|||&#8221; box_shadow_style=&#8221;preset6&#8243; box_shadow_blur=&#8221;10px&#8221; box_shadow_color=&#8221;rgba(0,0,0,0.1)&#8221; remove_inner_shadow=&#8221;off&#8221; hide_content_on_mobile=&#8221;off&#8221; hide_cta_on_mobile=&#8221;off&#8221; show_inner_shadow=&#8221;on&#8221; button_letter_spacing_hover=&#8221;0&#8243; global_module=&#8221;1575&#8243; saved_tabs=&#8221;all&#8221; global_colors_info=&#8221;{}&#8221; button_text_size__hover_enabled=&#8221;off&#8221; button_one_text_size__hover_enabled=&#8221;off&#8221; button_two_text_size__hover_enabled=&#8221;off&#8221; button_text_color__hover_enabled=&#8221;off&#8221; button_one_text_color__hover_enabled=&#8221;off&#8221; button_two_text_color__hover_enabled=&#8221;off&#8221; button_border_width__hover_enabled=&#8221;off&#8221; button_one_border_width__hover_enabled=&#8221;off&#8221; button_two_border_width__hover_enabled=&#8221;off&#8221; button_border_color__hover_enabled=&#8221;off&#8221; button_one_border_color__hover_enabled=&#8221;off&#8221; button_two_border_color__hover_enabled=&#8221;off&#8221; button_border_radius__hover_enabled=&#8221;off&#8221; button_one_border_radius__hover_enabled=&#8221;off&#8221; button_two_border_radius__hover_enabled=&#8221;off&#8221; button_letter_spacing__hover_enabled=&#8221;on&#8221; button_letter_spacing__hover=&#8221;0&#8243; button_one_letter_spacing__hover_enabled=&#8221;off&#8221; button_two_letter_spacing__hover_enabled=&#8221;off&#8221; button_bg_color__hover_enabled=&#8221;off&#8221; button_one_bg_color__hover_enabled=&#8221;off&#8221; button_two_bg_color__hover_enabled=&#8221;off&#8221;][et_pb_slide heading=&#8221;PO\u0160 Blagovna&#8221; _builder_version=&#8221;4.18.0&#8243; background_image=&#8221;https:\/\/www.os-blagovna.si\/files\/2015\/08\/blag4.jpg&#8221; background_enable_image=&#8221;on&#8221; button_icon_placement=&#8221;right&#8221; button_on_hover=&#8221;on&#8221; global_colors_info=&#8221;{}&#8221; button_one_text_size__hover_enabled=&#8221;off&#8221; button_two_text_size__hover_enabled=&#8221;off&#8221; button_one_text_color__hover_enabled=&#8221;off&#8221; button_two_text_color__hover_enabled=&#8221;off&#8221; button_one_border_width__hover_enabled=&#8221;off&#8221; button_two_border_width__hover_enabled=&#8221;off&#8221; button_one_border_color__hover_enabled=&#8221;off&#8221; button_two_border_color__hover_enabled=&#8221;off&#8221; button_one_border_radius__hover_enabled=&#8221;off&#8221; button_two_border_radius__hover_enabled=&#8221;off&#8221; button_letter_spacing__hover_enabled=&#8221;off&#8221; button_one_letter_spacing__hover_enabled=&#8221;off&#8221; button_two_letter_spacing__hover_enabled=&#8221;off&#8221; button_one_bg_color__hover_enabled=&#8221;off&#8221; button_two_bg_color__hover_enabled=&#8221;off&#8221; sticky_transition=&#8221;on&#8221;][\/et_pb_slide][et_pb_slide _builder_version=&#8221;4.18.0&#8243; _module_preset=&#8221;default&#8221; background_image=&#8221;https:\/\/www.os-blagovna.si\/files\/2015\/08\/logo-blagovna2.jpg&#8221; background_enable_image=&#8221;on&#8221; global_colors_info=&#8221;{}&#8221; sticky_transition=&#8221;on&#8221;][\/et_pb_slide][\/et_pb_fullwidth_slider][et_pb_fullwidth_menu menu_id=&#8221;4&#8243; menu_style=&#8221;centered&#8221; submenu_direction=&#8221;downwards&#8221; admin_label=&#8221;Fullwidth Menu&#8221; _builder_version=&#8221;4.18.0&#8243; background_color=&#8221;#fff347&#8243; hover_enabled=&#8221;0&#8243; global_colors_info=&#8221;{}&#8221; sticky_enabled=&#8221;0&#8243;][\/et_pb_fullwidth_menu][\/et_pb_section][et_pb_section fb_built=&#8221;1&#8243; admin_label=&#8221;section&#8221; _builder_version=&#8221;4.16&#8243; global_colors_info=&#8221;{}&#8221;][et_pb_row column_structure=&#8221;2_3,1_3&#8243; admin_label=&#8221;row&#8221; _builder_version=&#8221;4.16&#8243; background_size=&#8221;initial&#8221; background_position=&#8221;top_left&#8221; background_repeat=&#8221;repeat&#8221; global_colors_info=&#8221;{}&#8221;][et_pb_column type=&#8221;2_3&#8243; _builder_version=&#8221;4.16&#8243; custom_padding=&#8221;|||&#8221; global_colors_info=&#8221;{}&#8221; custom_padding__hover=&#8221;|||&#8221;][et_pb_text admin_label=&#8221;vsebina&#8221; _builder_version=&#8221;4.16&#8243; background_size=&#8221;initial&#8221; background_position=&#8221;top_left&#8221; background_repeat=&#8221;repeat&#8221; use_border_color=&#8221;off&#8221; border_color=&#8221;#ffffff&#8221; border_style=&#8221;solid&#8221; global_colors_info=&#8221;{}&#8221;]<strong>PRAVILA PROMETNE VARNOSTI<\/strong><\/p>\n<p>K varni vo\u017enji avtobusa veliko prispevajo s svojim vedenjem tudi u\u010denci z upo\u0161tevanjem in spo\u0161tovanjem predpisov o varnosti cestnega prometa. V primeru nespo\u0161tovanja le-teh ogro\u017eajo varno vo\u017enjo, zato ima voznik pravico, da vozilo ustavi in o tem obvesti star\u0161e. Po Zakonu o varnosti\u00a0 cestnega prometa so za kr\u0161itve predpisov mladoletnikov odgovorni star\u0161i, skrbniki ali rejniki.<\/p>\n<p>\u0160olarji, ki se vozijo z avtobusom <strong>pred vo\u017enjo<\/strong>:<\/p>\n<ul>\n<li>pridejo na avtobusno postajo vsaj pet minut pred odhodom avtobusa;<\/li>\n<li>stojijo vsaj pet velikih korakov (3 metre) od roba cesti\u0161\u010da;<\/li>\n<li>po\u010dakajo, da se vozilo ustavi, odpre vrata in da jim voznik dovoli vstop;<\/li>\n<li>pazijo, da jim vrata vozila ne priprejo ohlapnih obla\u010dil, \u0161olskih torb ipd.;<\/li>\n<li>hodijo vedno pred avtobusom in nikoli za njim, in sicer na najmanj\u0161i razdalji treh metrov od sprednjega dela;<\/li>\n<li>se morajo vedno prepri\u010dati, da jih voznik vidi in da oni vidijo njega;<\/li>\n<li>se pred pre\u010dkanjem ceste ustavijo ob robu avtobusa (pred njim) in se prepri\u010dajo, da je pre\u010dkanje varno, tako da pogledajo levo \u2013 desno \u2013 levo;<\/li>\n<li>voznika avtobusa obvestijo, \u010de jim je kaj padlo na vozi\u0161\u010de, preden sku\u0161ajo to pobrati.<\/li>\n<\/ul>\n<p><strong>\u00a0<\/strong><\/p>\n<p><strong>Med vo\u017enjo:<\/strong><\/p>\n<ul>\n<li>morajo biti pripeti z varnostnim pasom;<\/li>\n<li>morajo vedno pravilno sedeti na sede\u017eu, obrnjeni v smeri vo\u017enje;<\/li>\n<li>ne smejo motiti voznika;<\/li>\n<li>ne smejo stati;<\/li>\n<li>morajo poslu\u0161ati in slediti navodilom voznika;<\/li>\n<li>ne smejo vpiti in se prerivati.<\/li>\n<li><\/li>\n<\/ul>\n<p><strong>PREVOZI U\u010cENCEV<\/strong><\/p>\n<p>Za u\u010dence voza\u010de imamo v jutranjih urah in po pouku organizirano varstvo. U\u010denci voza\u010di odhajajo po pouku na postajali\u0161\u010de le v spremstvu u\u010ditelja.<\/p>\n<p>\u0160olski prevozi so najvarnej\u0161a oblika prevoza otrok v \u0161olo. K varni vo\u017enji veliko prispevajo s svojim vedenjem u\u010denci sami.<\/p>\n<p><strong>KAJ LAHKO U\u010cENCI STORITE ZA VE\u010cJO VARNOST V PROMETU?<\/strong><\/p>\n<ul>\n<li>Vedno hodite po plo\u010dniku; \u010de ga ni, pa po levi strani vozi\u0161\u010da glede na smer hoje.<\/li>\n<li>Ne prerivajte se in ne igrajte se med hojo po cesti.<\/li>\n<li>Pono\u010di, v mraku in ob slab\u0161i vidljivosti nosite svetla obla\u010dila in kresni\u010dko.<\/li>\n<li>Cesto pre\u010dkajte pri zeleni lu\u010di na semaforju in na zaznamovanem prehodu za pe\u0161ce.<\/li>\n<li>Tudi na zaznamovanem prehodu za pe\u0161ce niste popolnoma varni, zato se pred pre\u010dkanjem ceste prepri\u010dajte o varnosti.<\/li>\n<li>S kolesom se vozite le, \u010de imate kolesarski izpit in \u010delado.<\/li>\n<li>Z rolkami in rolerji se ne vozite v \u0161olo.<\/li>\n<\/ul>\n<p><strong>KAKO LAHKO STAR\u0160I PRIPOMORETE K VE\u010cJI VARNOSTI SVOJIH OTROK?<\/strong><\/p>\n<ul>\n<li>\u010ce se ob cesti nahajajo otroci, pove\u010dajte pozornost in zmanj\u0161ajte hitrost vozila do te mere, da lahko vsak trenutek varno ustavite.<\/li>\n<li>Kadar se pribli\u017eujete otrokom ob cesti, ki niso pozorni na promet, jih na zadostni razdalji opozorite nase z zvo\u010dnim opozorilnim znakom in vozite izredno previdno.<\/li>\n<li>Skrajno previdno ne vozite samo na obmo\u010dju \u0161ole in vrtca, ampak tudi pred prehodi za pe\u0161ce in v bli\u017eini avtobusnih postajali\u0161\u010d. \u0160e posebej pazite zjutraj in ob koncu pouka, kajti otroci niso pozorni in lahko nepredvidljivo prite\u010dejo na vozi\u0161\u010de.<\/li>\n<li><u>POZOR!\u00a0<\/u>Veliko kriti\u010dnih situacij v prometu izzovejo \u010dasovne stiske. Poskrbite, da se otrokom ne bo mudilo v \u0161olo. Otrok, ki je v \u010dasovni stiski, na prehodu za pe\u0161ce ne bo po\u010dakal in se ne bo dovolj dobro prepri\u010dal (ali pa se sploh ne bo), ali lahko varno pre\u010dka vozi\u0161\u010de.<\/li>\n<li>Prosimo vas, da svojo hitrost zmanj\u0161ate in prilagodite \u0161olski okolici. Prav tako vas \u0161e posebej pozivamo, da na obmo\u010dju \u0161ole ne ustavljate na mestih (avtobusno postajali\u0161\u010de, plo\u010dniki, v kri\u017ei\u0161\u010du, na prehodu za pe\u0161ce), kjer ogro\u017eate ostale \u0161olarje.<\/li>\n<\/ul>\n<p>&nbsp;<br \/>\n[\/et_pb_text][\/et_pb_column][et_pb_column type=&#8221;1_3&#8243; _builder_version=&#8221;4.16&#8243; custom_padding=&#8221;|||&#8221; global_colors_info=&#8221;{}&#8221; custom_padding__hover=&#8221;|||&#8221;][\/et_pb_column][\/et_pb_row][\/et_pb_section]<\/p>\n","protected":false},"excerpt":{"rendered":"<p>PRAVILA PROMETNE VARNOSTI K varni vo\u017enji avtobusa veliko prispevajo s svojim vedenjem tudi u\u010denci z upo\u0161tevanjem in spo\u0161tovanjem predpisov o varnosti cestnega prometa. V primeru nespo\u0161tovanja le-teh ogro\u017eajo varno vo\u017enjo, zato ima voznik pravico, da vozilo ustavi in o tem obvesti star\u0161e. Po Zakonu o varnosti\u00a0 cestnega prometa so za kr\u0161itve predpisov mladoletnikov odgovorni star\u0161i, [&hellip;]<\/p>\n","protected":false},"author":4606,"featured_media":0,"parent":0,"menu_order":0,"comment_status":"closed","ping_status":"closed","template":"","meta":{"_et_pb_use_builder":"on","_et_pb_old_content":"","_et_gb_content_width":"","ngg_post_thumbnail":0,"footnotes":"","_expiration-date-status":"","_expiration-date":0,"_expiration-date-type":"","_expiration-date-categories":[],"_expiration-date-options":[]},"class_list":["post-2867","page","type-page","status-publish","hentry"],"_links":{"self":[{"href":"https:\/\/www.os-blagovna.si\/index.php?rest_route=\/wp\/v2\/pages\/2867","targetHints":{"allow":["GET"]}}],"collection":[{"href":"https:\/\/www.os-blagovna.si\/index.php?rest_route=\/wp\/v2\/pages"}],"about":[{"href":"https:\/\/www.os-blagovna.si\/index.php?rest_route=\/wp\/v2\/types\/page"}],"author":[{"embeddable":true,"href":"https:\/\/www.os-blagovna.si\/index.php?rest_route=\/wp\/v2\/users\/4606"}],"replies":[{"embeddable":true,"href":"https:\/\/www.os-blagovna.si\/index.php?rest_route=%2Fwp%2Fv2%2Fcomments&post=2867"}],"version-history":[{"count":6,"href":"https:\/\/www.os-blagovna.si\/index.php?rest_route=\/wp\/v2\/pages\/2867\/revisions"}],"predecessor-version":[{"id":6260,"href":"https:\/\/www.os-blagovna.si\/index.php?rest_route=\/wp\/v2\/pages\/2867\/revisions\/6260"}],"wp:attachment":[{"href":"https:\/\/www.os-blagovna.si\/index.php?rest_route=%2Fwp%2Fv2%2Fmedia&parent=2867"}],"curies":[{"name":"wp","href":"https:\/\/api.w.org\/{rel}","templated":true}]}}