{"id":2905,"date":"2019-08-12T13:30:12","date_gmt":"2019-08-12T11:30:12","guid":{"rendered":"http:\/\/osfm-blagovna.splet.arnes.si\/?page_id=2905"},"modified":"2023-10-11T13:52:41","modified_gmt":"2023-10-11T11:52:41","slug":"projekti","status":"publish","type":"page","link":"https:\/\/www.os-blagovna.si\/?page_id=2905","title":{"rendered":"Projekti"},"content":{"rendered":"<p>[et_pb_section fb_built=&#8221;1&#8243; fullwidth=&#8221;on&#8221; admin_label=&#8221;section&#8221; _builder_version=&#8221;4.16&#8243; global_colors_info=&#8221;{}&#8221;][et_pb_fullwidth_slider admin_label=&#8221;Fullwidth Slider&#8221; _builder_version=&#8221;4.18.0&#8243; custom_padding=&#8221;|||&#8221; custom_padding_tablet=&#8221;|||&#8221; custom_padding_phone=&#8221;|||&#8221; remove_inner_shadow=&#8221;off&#8221; hide_content_on_mobile=&#8221;off&#8221; hide_cta_on_mobile=&#8221;off&#8221; show_inner_shadow=&#8221;on&#8221; button_letter_spacing_hover=&#8221;0&#8243; global_module=&#8221;1575&#8243; saved_tabs=&#8221;all&#8221; global_colors_info=&#8221;{}&#8221; button_text_size__hover_enabled=&#8221;off&#8221; button_text_size__hover=&#8221;null&#8221; button_one_text_size__hover_enabled=&#8221;off&#8221; button_one_text_size__hover=&#8221;null&#8221; button_two_text_size__hover_enabled=&#8221;off&#8221; button_two_text_size__hover=&#8221;null&#8221; button_text_color__hover_enabled=&#8221;off&#8221; button_text_color__hover=&#8221;null&#8221; button_one_text_color__hover_enabled=&#8221;off&#8221; button_one_text_color__hover=&#8221;null&#8221; button_two_text_color__hover_enabled=&#8221;off&#8221; button_two_text_color__hover=&#8221;null&#8221; button_border_width__hover_enabled=&#8221;off&#8221; button_border_width__hover=&#8221;null&#8221; button_one_border_width__hover_enabled=&#8221;off&#8221; button_one_border_width__hover=&#8221;null&#8221; button_two_border_width__hover_enabled=&#8221;off&#8221; button_two_border_width__hover=&#8221;null&#8221; button_border_color__hover_enabled=&#8221;off&#8221; button_border_color__hover=&#8221;null&#8221; button_one_border_color__hover_enabled=&#8221;off&#8221; button_one_border_color__hover=&#8221;null&#8221; button_two_border_color__hover_enabled=&#8221;off&#8221; button_two_border_color__hover=&#8221;null&#8221; button_border_radius__hover_enabled=&#8221;off&#8221; button_border_radius__hover=&#8221;null&#8221; button_one_border_radius__hover_enabled=&#8221;off&#8221; button_one_border_radius__hover=&#8221;null&#8221; button_two_border_radius__hover_enabled=&#8221;off&#8221; button_two_border_radius__hover=&#8221;null&#8221; button_letter_spacing__hover_enabled=&#8221;on&#8221; button_letter_spacing__hover=&#8221;0&#8243; button_one_letter_spacing__hover_enabled=&#8221;off&#8221; button_one_letter_spacing__hover=&#8221;null&#8221; button_two_letter_spacing__hover_enabled=&#8221;off&#8221; button_two_letter_spacing__hover=&#8221;null&#8221; button_bg_color__hover_enabled=&#8221;off&#8221; button_bg_color__hover=&#8221;null&#8221; button_one_bg_color__hover_enabled=&#8221;off&#8221; button_one_bg_color__hover=&#8221;null&#8221; button_two_bg_color__hover_enabled=&#8221;off&#8221; button_two_bg_color__hover=&#8221;null&#8221;][et_pb_slide heading=&#8221;PO\u0160 Blagovna&#8221; _builder_version=&#8221;4.18.0&#8243; background_image=&#8221;https:\/\/www.os-blagovna.si\/files\/2015\/08\/blag4.jpg&#8221; background_enable_image=&#8221;on&#8221; button_icon_placement=&#8221;right&#8221; button_on_hover=&#8221;on&#8221; global_colors_info=&#8221;{}&#8221; button_one_text_size__hover_enabled=&#8221;off&#8221; button_two_text_size__hover_enabled=&#8221;off&#8221; button_one_text_color__hover_enabled=&#8221;off&#8221; button_two_text_color__hover_enabled=&#8221;off&#8221; button_one_border_width__hover_enabled=&#8221;off&#8221; button_two_border_width__hover_enabled=&#8221;off&#8221; button_one_border_color__hover_enabled=&#8221;off&#8221; button_two_border_color__hover_enabled=&#8221;off&#8221; button_one_border_radius__hover_enabled=&#8221;off&#8221; button_two_border_radius__hover_enabled=&#8221;off&#8221; button_letter_spacing__hover_enabled=&#8221;off&#8221; button_one_letter_spacing__hover_enabled=&#8221;off&#8221; button_two_letter_spacing__hover_enabled=&#8221;off&#8221; button_one_bg_color__hover_enabled=&#8221;off&#8221; button_two_bg_color__hover_enabled=&#8221;off&#8221; sticky_transition=&#8221;on&#8221;][\/et_pb_slide][et_pb_slide _builder_version=&#8221;4.18.0&#8243; _module_preset=&#8221;default&#8221; background_image=&#8221;https:\/\/www.os-blagovna.si\/files\/2015\/08\/logo-blagovna2.jpg&#8221; background_enable_image=&#8221;on&#8221; global_colors_info=&#8221;{}&#8221; sticky_transition=&#8221;on&#8221;][\/et_pb_slide][\/et_pb_fullwidth_slider][et_pb_fullwidth_menu menu_id=&#8221;4&#8243; submenu_direction=&#8221;downwards&#8221; _builder_version=&#8221;4.18.0&#8243; background_color=&#8221;#edf900&#8243; hover_enabled=&#8221;0&#8243; global_colors_info=&#8221;{}&#8221; menu_style=&#8221;centered&#8221; sticky_enabled=&#8221;0&#8243;][\/et_pb_fullwidth_menu][\/et_pb_section][et_pb_section fb_built=&#8221;1&#8243; admin_label=&#8221;section&#8221; _builder_version=&#8221;4.16&#8243; global_colors_info=&#8221;{}&#8221;][et_pb_row column_structure=&#8221;2_3,1_3&#8243; admin_label=&#8221;row&#8221; _builder_version=&#8221;4.16&#8243; background_size=&#8221;initial&#8221; background_position=&#8221;top_left&#8221; background_repeat=&#8221;repeat&#8221; global_colors_info=&#8221;{}&#8221;][et_pb_column type=&#8221;2_3&#8243; _builder_version=&#8221;4.16&#8243; custom_padding=&#8221;|||&#8221; global_colors_info=&#8221;{}&#8221; custom_padding__hover=&#8221;|||&#8221;][et_pb_text admin_label=&#8221;vsebina&#8221; _builder_version=&#8221;4.18.0&#8243; background_size=&#8221;initial&#8221; background_position=&#8221;top_left&#8221; background_repeat=&#8221;repeat&#8221; vertical_offset_tablet=&#8221;0&#8243; horizontal_offset_tablet=&#8221;0&#8243; z_index_tablet=&#8221;0&#8243; text_text_shadow_horizontal_length_tablet=&#8221;0px&#8221; text_text_shadow_vertical_length_tablet=&#8221;0px&#8221; text_text_shadow_blur_strength_tablet=&#8221;1px&#8221; link_text_shadow_horizontal_length_tablet=&#8221;0px&#8221; link_text_shadow_vertical_length_tablet=&#8221;0px&#8221; link_text_shadow_blur_strength_tablet=&#8221;1px&#8221; ul_text_shadow_horizontal_length_tablet=&#8221;0px&#8221; ul_text_shadow_vertical_length_tablet=&#8221;0px&#8221; ul_text_shadow_blur_strength_tablet=&#8221;1px&#8221; ol_text_shadow_horizontal_length_tablet=&#8221;0px&#8221; ol_text_shadow_vertical_length_tablet=&#8221;0px&#8221; ol_text_shadow_blur_strength_tablet=&#8221;1px&#8221; quote_text_shadow_horizontal_length_tablet=&#8221;0px&#8221; quote_text_shadow_vertical_length_tablet=&#8221;0px&#8221; quote_text_shadow_blur_strength_tablet=&#8221;1px&#8221; header_text_shadow_horizontal_length_tablet=&#8221;0px&#8221; header_text_shadow_vertical_length_tablet=&#8221;0px&#8221; header_text_shadow_blur_strength_tablet=&#8221;1px&#8221; header_2_text_shadow_horizontal_length_tablet=&#8221;0px&#8221; header_2_text_shadow_vertical_length_tablet=&#8221;0px&#8221; header_2_text_shadow_blur_strength_tablet=&#8221;1px&#8221; header_3_text_shadow_horizontal_length_tablet=&#8221;0px&#8221; header_3_text_shadow_vertical_length_tablet=&#8221;0px&#8221; header_3_text_shadow_blur_strength_tablet=&#8221;1px&#8221; header_4_text_shadow_horizontal_length_tablet=&#8221;0px&#8221; header_4_text_shadow_vertical_length_tablet=&#8221;0px&#8221; header_4_text_shadow_blur_strength_tablet=&#8221;1px&#8221; header_5_text_shadow_horizontal_length_tablet=&#8221;0px&#8221; header_5_text_shadow_vertical_length_tablet=&#8221;0px&#8221; header_5_text_shadow_blur_strength_tablet=&#8221;1px&#8221; header_6_text_shadow_horizontal_length_tablet=&#8221;0px&#8221; header_6_text_shadow_vertical_length_tablet=&#8221;0px&#8221; header_6_text_shadow_blur_strength_tablet=&#8221;1px&#8221; box_shadow_horizontal_tablet=&#8221;0px&#8221; box_shadow_vertical_tablet=&#8221;0px&#8221; box_shadow_blur_tablet=&#8221;40px&#8221; box_shadow_spread_tablet=&#8221;0px&#8221; use_border_color=&#8221;off&#8221; global_colors_info=&#8221;{}&#8221;]<\/p>\n<p><strong>PROJEKTI IN DRUGE DEJAVNOSTI NA \u0160OLI V \u0160OLSKEM LETU 2023-24<\/strong><\/p>\n<p>Namen izvajanja projektov in drugih dejavnosti \u0161ole je vse\u017eivljenjsko u\u010denje ter povezovanje s krajem in \u0161ir\u0161o okolico. Razvijamo in spodbujamo interese u\u010dencev in posledi\u010dno njihovo aktivno vlogo v \u017eivljenju in delu \u0161ole. Vodstvo \u0161ole skrbi za uravnote\u017eenost projektov glede na podro\u010dja in vsebine, \u010dasovnost, \u0161tevil\u010dnost \u2026 in v povezavi z vizijo in vrednotami \u0161ole. V zadnjih letih smo sodelovali na nekaj mednarodnih projektih ter \u0161tevilnih dr\u017eavnih projektih.\u00a0<\/p>\n<p><strong>Tek podnebne solidarnosti \u00a0&#8211; mednarodni projekt<\/strong><\/p>\n<p>Glavni namen Teka podnebne solidarnosti je, da ljudje te\u010dejo v solidarnosti do ljudi v Afriki, ki jih posledice globalnih podnebnih sprememb najbolj prizadenejo, \u010deprav so s svojim na\u010dinom \u017eivljenja najmanj prispevali k njim. Ob tem s prete\u010denimi kilometri gradimo kroge solidarnosti okoli planeta Zemlja (dol\u017eina ekvatorja je 40.075 km). Vsako leto tudi na\u0161i u\u010denci z veseljem prispevajo prete\u010dene kilometre.<\/p>\n<p>Koordinatorica: Janja Kukovi\u010d<\/p>\n<p><strong>Mednarodni projekt Pozdrav ptic miru<\/strong><\/p>\n<p><em>Glavni cilji projekta pa so: <\/em><\/p>\n<p><em>\u2022 razvijanje socialnih ve\u0161\u010din za strpno sobivanje in oblikovanje kulturnega dialoga, <\/em><\/p>\n<p><em>\u2022 razvijanje dr\u017eavljanskih kompetenc, <\/em><\/p>\n<p><em>\u2022 aktivno vklju\u010devanje v spreminjanje dru\u017ebenega \u017eivljenja, \u2022 spodbujanje pozitivnih misli in optimisti\u010dnega ravnanja.<\/em><\/p>\n<p>Koordinatorica projekta: Janja Kukovi\u010d<\/p>\n<p><strong>Mednarodni projekt \u00bbPomahajmo v svet\u00ab\u00a0 za 3. razred<\/strong><\/p>\n<p>Cilji projekta:\u00a0<\/p>\n<ul>\n<li>Seznanjanje z raznimi kulturami in tradicijami;<\/li>\n<li>Otroci pri vklju\u010devanju v projekt razvijejo svojo kreativnost , ustvarjalnost,\u00a0 uporabljajo pridobljena\u00a0 znanja na podro\u010dju igre, gibanja, ustvarjanja;<\/li>\n<li>Povezovanje med otroki iz evropskih in drugih dr\u017eav<strong>\u00a0<\/strong>in sklepanje<strong>\u00a0<\/strong>novih prijateljstev;<\/li>\n<li>Spoznavanje in u\u010denje varne uporabe ra\u010dunalnika;<\/li>\n<li>Promoviranje prostovoljstva, ekologije in humanitarnosti;<\/li>\n<li>U\u010denje tujih besed oz. jezika;<\/li>\n<li>Promoviranje Slovenije.<\/li>\n<li>Koordinatorica projekta:\u00a0 Janja Kukovi\u010d<\/li>\n<\/ul>\n<p><strong>Bralna zna\u010dka \u2013 dr\u017eavni projekt<\/strong><\/p>\n<p>Bralna zna\u010dka je slovensko gibanje, ki spodbuja razvoj bralne kulture mladih. Organizirana je v okviru Dru\u0161tva Bralna zna\u010dka \u2013 ZPMS. Bralna zna\u010dka spodbuja prostovoljno branje v prostem \u010dasu. Ves \u010das se razvija kot dopolnilo\u00a0 pouku slovenskega jezika in knji\u017eevnosti ter dejavnostim (\u0161olske) knji\u017enice. Bralna zna\u010dka se vseskozi mo\u010dno vklju\u010duje v strokovna in dru\u017ebena prizadevanja, da bi se dvignila bralna pismenost posameznikov in dru\u017ebe v celoti.<\/p>\n<p>Koordinatorica projekta: Du\u0161ica Bele<\/p>\n<p>&nbsp;<\/p>\n<p><strong>Policist Leon svetuje<\/strong><strong>\u2013 dr\u017eavni projekt<\/strong><\/p>\n<p>S projektom \u017eelimo otroke seznaniti o nevarnostih, s katerimi se lahko sre\u010dajo v vsakdanjem \u017eivljenju, in jih pou\u010diti o primernem samoza\u0161\u010ditnem oziroma preventivnem ravnanju ter spo\u0161tovanju pravil na razli\u010dnih podro\u010djih (promet, \u0161ola \u2026). Poleg tega \u017eelimo okrepiti partnersko sodelovanje med u\u010denci, u\u010ditelji, star\u0161i in policijo ter pove\u010dati varnost v prometu. Osrednji pripomo\u010dek pri izvajanju projekta je delovni zvezek Policist Leon svetuje. V njem so obravnavane varnostne vsebine, ki so razdeljene na pet sklopov in zajemajo ve\u010d vsebin, prilagojenih tudi letnemu \u010dasu:<\/p>\n<p>\u2013 promet (varna pot v \u0161olo, varnostni pas, varnost pe\u0161cev),<\/p>\n<p>\u2013 pirotehnika (posledice uporabe pirotehnike, vandalizem, varna smuka),<\/p>\n<p>\u2013 nasilje (med vrstniki, v dru\u017eini, sre\u010danje z neznanci &#8230;),<\/p>\n<p>\u2013 kriminaliteta (sam doma, vlom v stanovanje, varovanje lastnine &#8230;) in<\/p>\n<p>\u2013 kolo (varna vo\u017enja s kolesom, kolesarski izpit, varnost na kopali\u0161\u010dih &#8230;).<\/p>\n<p>Projekt poteka \u010dez vse \u0161olsko leto, z ve\u010dkratnim obiskom policista pri razrednih urah in pri kolesarskem izpitu.<\/p>\n<p>Koordinatorka projekta: Hedvika Pikl<\/p>\n<p>&nbsp;<\/p>\n<p><strong>Tradicionalni slovenski zajtrk\u2013 dr\u017eavni projekt<\/strong><\/p>\n<p>Vseslovenski projekt Tradicionalni slovenski zajtrk izvajamo vsak tretji petek v mesecu novembru, ko obele\u017eujemo dan slovenske hrane.\u00a0<strong>Namen<\/strong> projekta je zbolj\u0161ati zavedanje o pomenu lokalne samooskrbe, doma\u010de pridelave in predelave, pribli\u017eati pomen kmeta in kmetijstva ter \u010debelarja in \u010debelarstva ter izobra\u017eevati, obve\u0161\u010dati in uzave\u0161\u010dati u\u010dence o pomenu zajtrka v okviru prehranjevalnih navad ter o pomenu zdravega na\u010dina \u017eivljenja, vklju\u010dno s pomenom gibanja.<\/p>\n<p>Koordinatorica projekta: Petra Artnak<\/p>\n<p>&nbsp;<\/p>\n<p><strong>Otro\u0161ki parlament\u2013 dr\u017eavni projekt<\/strong><\/p>\n<p>Otro\u0161ki parlament je dr\u017eavni projekt, ki deluje\u00a0<strong>v obliki zasedanj<\/strong>, ki omogo\u010dijo sodelovanje vsem osnovno\u0161olcem. Zasedanja potekajo v osnovnih \u0161olah v razrednih skupnostih in na\u00a0<strong>\u0161olskem parlamentu<\/strong>. V vsaki \u0161oli u\u010denci izberejo delegacijo za ob\u010dinski otro\u0161ki parlament. Na<strong>\u00a0ob\u010dinskem otro\u0161kem parlamentu<\/strong>\u00a0pa zberejo delegacijo za regijski otro\u0161ki parlament, kjer predstavniki zastopajo interese vrstnikov na<strong>\u00a0Nacionalnem otro\u0161kem parlamentu<\/strong>, ki poteka v dvorani Dr\u017eavnega zbora Republike Slovenije.<\/p>\n<p>Vodja projekta: Du\u0161ica bele<\/p>\n<p>&nbsp;<\/p>\n<p><strong>Tekmovanje za \u010diste zobke \u2013 dr\u017eavni projekt<\/strong><\/p>\n<p>Tekmovanje za \u010diste zobe ob zdravi prehrani je republi\u0161ko tekmovanje, ki pod strokovnim in organizacijskim vodstvom Stomatolo\u0161ke sekcije Slovenskega zdravni\u0161kega dru\u0161tva, poteka po vseh slovenskih osnovnih \u0161olah ter \u0161olah in zavodih za otroke s posebnimi potrebami.<\/p>\n<p>V sodelovanju z Zdravstvenim domom \u0160entjur je v ta projekt vklju\u010dena tudi\u00a0 Podru\u017eni\u010dna osnovna \u0161ola Blagovna. V tekmovanju sodelujejo u\u010denci od 2. do 5. razreda. Cilj projekta je uzavestiti pomembnost rednega in pravilnega umivanja zob za nadaljnjo ustno higieno.<\/p>\n<p>Vodja projekta: Rosanda Klako\u010der<\/p>\n<p>&nbsp;<\/p>\n<p><strong>Vrtec v \u0161olski knji\u017enici\u00a0 &#8211; \u0161olski projekt<\/strong><\/p>\n<p>Vodja projekta: Du\u0161ica Bele<\/p>\n<p>&nbsp;<\/p>\n<p><strong>Valentinova po\u0161ta<\/strong>\u00a0 &#8211; \u0161olski projekt<\/p>\n<p>Projekt Valentinova po\u0161ta je namenjen povezovanju u\u010dencev in delavcev \u0161ole in krepitvi pozitivne klime na \u0161oli. V mesecu februarju bodo tako u\u010denci kot u\u010ditelji in drugi delavci na \u0161oli, imeli mo\u017enost oddati pisemca z lepimi \u017eeljami komurkoli na \u0161oli.<\/p>\n<p>Koordinatorica projekta: Petra Artnak<\/p>\n<p>&nbsp;<\/p>\n<p>&nbsp;<\/p>\n<p><strong>akcija Pokloni zvezek <\/strong><\/p>\n<p>Poklonjeni zvezek ali zvezke je dobrodelna akcija, s katero \u017eeli Slovenska Karitas zbrati \u010dim ve\u010d\u00a0<strong>novih, velikih\u00a0<\/strong>in praviloma\u00a0<strong>\u010drtanih zvezkov\u00a0<\/strong>za preko 12 000 socialno ogro\u017eenih osnovno\u0161olcev. Tisti, ki bodo zvezek podarili, naj vanj prilo\u017eijo lepo misel, morda risbico ali zapi\u0161ejo pozdrav sovrstniku, ki bo zvezek prejel.<\/p>\n<p>Koordinatorica akcije: Alenka Gradi\u0161nik<\/p>\n<p><strong>akcija Drobtinica <\/strong><\/p>\n<p>Rde\u010di kri\u017e Slovenije sku\u0161a tudi preko mednarodne akcije Drobtinica, ozave\u0161\u010dati \u0161ir\u0161o javnost glede vse bolj pere\u010de problematike nezadostne in\/ali nepravilne prehrane na\u0161ih najmlaj\u0161ih ter spodbujati \u010dut za solidarnost s tistimi, ki so se zna\u0161li v stiski.<\/p>\n<p>Koordinatorica\u00a0 na PO\u0160 Blagovna: Tea Fider\u0161ek<\/p>\n<p><strong>DEJAVNOSTI NA \u0160OLI<\/strong><\/p>\n<p><strong>Poletna \u0161ola v naravi <\/strong><\/p>\n<p>Poletno \u0161olo v naravi \u017ee vrsto let izvajamo v letovi\u0161\u010du Pinesta v Novigradu na Hrva\u0161kem. Delovni na\u010drt P\u0160N je sestavljen na osnovi dolgoletnih izku\u0161enj in mo\u017enosti na samem kraju bivanja ter se deli na ve\u010d sklopov:<\/p>\n<ol>\n<li>Plavalno opismenjevanje \u2013 u\u010ditelji plavanja<\/li>\n<li>Spoznavanje favne in flore morskega in obmorskega sveta \u2013 biolog<\/li>\n<li>\u0160portni (razvedrilni) \u2013 vsi spremljevalci<\/li>\n<li>Dodatni dnevi dejavnosti: tehni\u0161ki, kulturni, \u0161portni dan<\/li>\n<li>Socialni \u2013 razredniki<\/li>\n<\/ol>\n<p><strong>Plavalni te\u010daj za 3. razred <\/strong><\/p>\n<p>Za u\u010dence 3. razredov izvajamo 20-urni plavalni te\u010daj s preverjanjem napredka v celjskem bazenu Golovec.<\/p>\n<p><strong>\u0160olska prehrana (zajtrk, malica, kosilo, popoldanska malica)<\/strong><\/p>\n<p>V \u0161olski kuhinji centralne \u0161ole pripravljajo dnevno malico za vse otroke ter kosila za mati\u010dno in podru\u017eni\u010dno \u0161olo. V tem \u0161olskem letu pripravljajo dnevno okrog 450 kosil za u\u010dence centralne \u0161ole, podru\u017enice, zaposlene in abonente. Pripravljamo pa tudi nekaj zajtrkov, \u010deprav star\u0161em svetujemo, da ta obrok pripravijo doma.<\/p>\n<p>&nbsp;<\/p>\n<p>&nbsp;<\/p>\n<p>[\/et_pb_text][\/et_pb_column][et_pb_column type=&#8221;1_3&#8243; _builder_version=&#8221;4.16&#8243; custom_padding=&#8221;|||&#8221; global_colors_info=&#8221;{}&#8221; custom_padding__hover=&#8221;|||&#8221;][\/et_pb_column][\/et_pb_row][\/et_pb_section]<\/p>\n","protected":false},"excerpt":{"rendered":"<p>PROJEKTI IN DRUGE DEJAVNOSTI NA \u0160OLI V \u0160OLSKEM LETU 2023-24 Namen izvajanja projektov in drugih dejavnosti \u0161ole je vse\u017eivljenjsko u\u010denje ter povezovanje s krajem in \u0161ir\u0161o okolico. Razvijamo in spodbujamo interese u\u010dencev in posledi\u010dno njihovo aktivno vlogo v \u017eivljenju in delu \u0161ole. Vodstvo \u0161ole skrbi za uravnote\u017eenost projektov glede na podro\u010dja in vsebine, \u010dasovnost, \u0161tevil\u010dnost [&hellip;]<\/p>\n","protected":false},"author":4606,"featured_media":0,"parent":0,"menu_order":0,"comment_status":"closed","ping_status":"closed","template":"","meta":{"_et_pb_use_builder":"on","_et_pb_old_content":"","_et_gb_content_width":"","ngg_post_thumbnail":0,"footnotes":"","_expiration-date-status":"","_expiration-date":0,"_expiration-date-type":"","_expiration-date-categories":[],"_expiration-date-options":[]},"class_list":["post-2905","page","type-page","status-publish","hentry"],"_links":{"self":[{"href":"https:\/\/www.os-blagovna.si\/index.php?rest_route=\/wp\/v2\/pages\/2905","targetHints":{"allow":["GET"]}}],"collection":[{"href":"https:\/\/www.os-blagovna.si\/index.php?rest_route=\/wp\/v2\/pages"}],"about":[{"href":"https:\/\/www.os-blagovna.si\/index.php?rest_route=\/wp\/v2\/types\/page"}],"author":[{"embeddable":true,"href":"https:\/\/www.os-blagovna.si\/index.php?rest_route=\/wp\/v2\/users\/4606"}],"replies":[{"embeddable":true,"href":"https:\/\/www.os-blagovna.si\/index.php?rest_route=%2Fwp%2Fv2%2Fcomments&post=2905"}],"version-history":[{"count":21,"href":"https:\/\/www.os-blagovna.si\/index.php?rest_route=\/wp\/v2\/pages\/2905\/revisions"}],"predecessor-version":[{"id":6066,"href":"https:\/\/www.os-blagovna.si\/index.php?rest_route=\/wp\/v2\/pages\/2905\/revisions\/6066"}],"wp:attachment":[{"href":"https:\/\/www.os-blagovna.si\/index.php?rest_route=%2Fwp%2Fv2%2Fmedia&parent=2905"}],"curies":[{"name":"wp","href":"https:\/\/api.w.org\/{rel}","templated":true}]}}