{"id":60,"date":"2015-08-13T19:11:49","date_gmt":"2015-08-13T18:11:49","guid":{"rendered":"http:\/\/osfm-blagovna.splet.arnes.si\/?page_id=60"},"modified":"2020-08-28T11:04:51","modified_gmt":"2020-08-28T09:04:51","slug":"urniki","status":"publish","type":"page","link":"https:\/\/www.os-blagovna.si\/?page_id=60","title":{"rendered":"Urniki"},"content":{"rendered":"<h4>Urniki podru\u017eni\u010dne \u0161ole Blagovna<\/h4>\n<p>Aktualni urnik je v eAsistentu in je dosegljiv na spodnji povezavi.<\/p>\n<p><strong><span style=\"color: #800000\">Pri tem bodite pazljivi, da so razredi na PO\u0160 Blagovna ozna\u010deni kot paralelka &#8220;C&#8221; ( npr. 1 razred Blagovna = 1.c ).\u00a0<\/span> <\/strong><\/p>\n<p><a href=\"https:\/\/www.easistent.com\/urniki\/826d668bcc52028676dc2523257461549883f1fb\" target=\"_blank\" rel=\"noopener noreferrer\">Povezava na urnik<\/a><\/p>\n<p>&nbsp;<\/p>\n<p>&nbsp;<\/p>\n","protected":false},"excerpt":{"rendered":"<p>Urniki podru\u017eni\u010dne \u0161ole Blagovna Aktualni urnik je v eAsistentu in je dosegljiv na spodnji povezavi. Pri tem bodite pazljivi, da so razredi na PO\u0160 Blagovna ozna\u010deni kot paralelka &#8220;C&#8221; ( npr. 1 razred Blagovna = 1.c ).\u00a0 Povezava na urnik &nbsp; &nbsp;<\/p>\n","protected":false},"author":4407,"featured_media":0,"parent":0,"menu_order":0,"comment_status":"open","ping_status":"open","template":"","meta":{"_et_pb_use_builder":"","_et_pb_old_content":"","_et_gb_content_width":"","ngg_post_thumbnail":0,"footnotes":"","_expiration-date-status":"saved","_expiration-date":0,"_expiration-date-type":"","_expiration-date-categories":[],"_expiration-date-options":[]},"class_list":["post-60","page","type-page","status-publish","hentry"],"_links":{"self":[{"href":"https:\/\/www.os-blagovna.si\/index.php?rest_route=\/wp\/v2\/pages\/60","targetHints":{"allow":["GET"]}}],"collection":[{"href":"https:\/\/www.os-blagovna.si\/index.php?rest_route=\/wp\/v2\/pages"}],"about":[{"href":"https:\/\/www.os-blagovna.si\/index.php?rest_route=\/wp\/v2\/types\/page"}],"author":[{"embeddable":true,"href":"https:\/\/www.os-blagovna.si\/index.php?rest_route=\/wp\/v2\/users\/4407"}],"replies":[{"embeddable":true,"href":"https:\/\/www.os-blagovna.si\/index.php?rest_route=%2Fwp%2Fv2%2Fcomments&post=60"}],"version-history":[{"count":35,"href":"https:\/\/www.os-blagovna.si\/index.php?rest_route=\/wp\/v2\/pages\/60\/revisions"}],"predecessor-version":[{"id":4069,"href":"https:\/\/www.os-blagovna.si\/index.php?rest_route=\/wp\/v2\/pages\/60\/revisions\/4069"}],"wp:attachment":[{"href":"https:\/\/www.os-blagovna.si\/index.php?rest_route=%2Fwp%2Fv2%2Fmedia&parent=60"}],"curies":[{"name":"wp","href":"https:\/\/api.w.org\/{rel}","templated":true}]}}