{"id":6544,"date":"2024-04-08T13:23:33","date_gmt":"2024-04-08T11:23:33","guid":{"rendered":"https:\/\/osfm-blagovna.splet.arnes.si\/?page_id=6544"},"modified":"2025-05-29T12:55:29","modified_gmt":"2025-05-29T10:55:29","slug":"solsko-leto-2024-2025","status":"publish","type":"page","link":"https:\/\/www.os-blagovna.si\/?page_id=6544","title":{"rendered":"\u0160olsko leto 2024\/2025"},"content":{"rendered":"<p>[et_pb_section][et_pb_row][et_pb_column type=&#8221;4_4&#8243;][et_pb_text]<\/p>\n<p><a href=\"https:\/\/www.os-blagovna.si\/files\/2024\/06\/Seznam-zvezkov-BL.pdf\" target=\"_blank\" rel=\"noopener\">SEZNAM ZVEZKOV PO RAZREDIH IN PREDMETIH<\/a><\/p>\n<p><a href=\"https:\/\/www.os-blagovna.si\/files\/2024\/06\/1.-do-5.-razred-BL.pdf\" target=\"_blank\" rel=\"noopener\">OBVESTILO O U\u010cBENIKIH IN DELOVNIH ZVEZKIH od 1. do 5. razreda<\/a><\/p>\n<p><a href=\"https:\/\/www.os-blagovna.si\/files\/2024\/04\/BL_prijavnica_JV_in_OPB-2.pdf\">PRIJAVA U\u010cENCA V JUTRANJE VARSTVO VOZA\u010cEV IN PODALJ\u0160ANO BIVANJE<\/a><\/p>\n<p><a href=\"https:\/\/www.os-blagovna.si\/files\/2024\/04\/BL_prijavnica_NIP4-1.pdf\">NEOBVEZNI IZBIRNI PREDMETI ZA 4. RAZRED<\/a><\/p>\n<p><a href=\"https:\/\/www.os-blagovna.si\/files\/2024\/04\/BL_prijavnica_NIP5-1.pdf\">NEOBVEZNI IZBIRNI PREDMETI ZA 5. RAZRED<\/a><\/p>\n<p><a href=\"https:\/\/www.os-blagovna.si\/files\/2024\/04\/BL_prijavnica_NIP6.pdf\">NEOBVEZNI IZBIRNI PREDMETI ZA 6. RAZRED<\/a><\/p>\n<hr>\n<p><strong><a href=\"http:\/\/osfm-blagovna.splet.arnes.si\/files\/2021\/05\/ElektronskoIzpolnjevanjePDFObrazcev.pdf\" target=\"_blank\" rel=\"noopener noreferrer\">Navodila za elektronsko izpolnjevanje PDF obrazcev<\/a><\/strong><\/p>\n<p>[\/et_pb_text][\/et_pb_column][\/et_pb_row][\/et_pb_section]<\/p>\n","protected":false},"excerpt":{"rendered":"<p><div class=\"et_pb_section et_pb_section_0 et_section_regular\" >\n\t\t\t\t\n\t\t\t\t\n\t\t\t\t\n\t\t\t\t\n\t\t\t\t\n\t\t\t\t\n\t\t\t\t\n\t\t\t\t\n\t\t\t\t\n\t\t\t<\/div><div class=\"et_pb_row et_pb_row_0 et_pb_row_empty\">\n\t\t\t\t\n\t\t\t\t\n\t\t\t\t\n\t\t\t\t\n\t\t\t\t\n\t\t\t<\/div><div class=\"et_pb_module et_pb_text et_pb_text_0  et_pb_text_align_left et_pb_bg_layout_light\">\n\t\t\t\t\n\t\t\t\t\n\t\t\t\t\n\t\t\t\t\n\t\t\t\t\n\t\t\t<\/div> SEZNAM ZVEZKOV PO RAZREDIH IN PREDMETIH OBVESTILO O U\u010cBENIKIH IN DELOVNIH ZVEZKIH od 1. do 5. razreda PRIJAVA U\u010cENCA V JUTRANJE VARSTVO VOZA\u010cEV IN PODALJ\u0160ANO BIVANJE NEOBVEZNI IZBIRNI PREDMETI ZA 4. RAZRED NEOBVEZNI IZBIRNI PREDMETI ZA 5. RAZRED NEOBVEZNI IZBIRNI PREDMETI ZA 6. RAZRED Navodila za elektronsko izpolnjevanje PDF obrazcev<\/p>\n","protected":false},"author":101227,"featured_media":0,"parent":0,"menu_order":0,"comment_status":"closed","ping_status":"closed","template":"","meta":{"_et_pb_use_builder":"on","_et_pb_old_content":"<p><a href=\"https:\/\/osfm-blagovna.splet.arnes.si\/files\/2024\/06\/Seznam-zvezkov-BL.pdf\" target=\"_blank\" rel=\"noopener\">SEZNAM ZVEZKOV PO RAZREDIH IN PREDMETIH<\/a><\/p><p><a href=\"https:\/\/osfm-blagovna.splet.arnes.si\/files\/2024\/06\/1.-do-5.-razred-BL.pdf\" target=\"_blank\" rel=\"noopener\">OBVESTILO O U\u010cBENIKIH IN DELOVNIH ZVEZKIH od 1. do 5. razreda<\/a><\/p><p><a href=\"https:\/\/osfm-blagovna.splet.arnes.si\/files\/2024\/04\/BL_prijavnica_JV_in_OPB-2.pdf\">PRIJAVA U\u010cENCA V JUTRANJE VARSTVO VOZA\u010cEV IN PODALJ\u0160ANO BIVANJE<\/a><\/p><p><a href=\"https:\/\/osfm-blagovna.splet.arnes.si\/files\/2024\/04\/BL_prijavnica_NIP4-1.pdf\">NEOBVEZNI IZBIRNI PREDMETI ZA 4. RAZRED<\/a><\/p><p><a href=\"https:\/\/osfm-blagovna.splet.arnes.si\/files\/2024\/04\/BL_prijavnica_NIP5-1.pdf\">NEOBVEZNI IZBIRNI PREDMETI ZA 5. RAZRED<\/a><\/p><p><a href=\"https:\/\/osfm-blagovna.splet.arnes.si\/files\/2024\/04\/BL_prijavnica_NIP6.pdf\">NEOBVEZNI IZBIRNI PREDMETI ZA 6. RAZRED<\/a><\/p><hr><p><strong><a href=\"http:\/\/osfm-blagovna.splet.arnes.si\/files\/2021\/05\/ElektronskoIzpolnjevanjePDFObrazcev.pdf\" target=\"_blank\" rel=\"noopener noreferrer\">Navodila za elektronsko izpolnjevanje PDF obrazcev<\/a><\/strong><\/p>","_et_gb_content_width":"","ngg_post_thumbnail":0,"footnotes":"","_expiration-date-status":"","_expiration-date":0,"_expiration-date-type":"","_expiration-date-categories":[],"_expiration-date-options":[]},"class_list":["post-6544","page","type-page","status-publish","hentry"],"_links":{"self":[{"href":"https:\/\/www.os-blagovna.si\/index.php?rest_route=\/wp\/v2\/pages\/6544","targetHints":{"allow":["GET"]}}],"collection":[{"href":"https:\/\/www.os-blagovna.si\/index.php?rest_route=\/wp\/v2\/pages"}],"about":[{"href":"https:\/\/www.os-blagovna.si\/index.php?rest_route=\/wp\/v2\/types\/page"}],"author":[{"embeddable":true,"href":"https:\/\/www.os-blagovna.si\/index.php?rest_route=\/wp\/v2\/users\/101227"}],"replies":[{"embeddable":true,"href":"https:\/\/www.os-blagovna.si\/index.php?rest_route=%2Fwp%2Fv2%2Fcomments&post=6544"}],"version-history":[{"count":9,"href":"https:\/\/www.os-blagovna.si\/index.php?rest_route=\/wp\/v2\/pages\/6544\/revisions"}],"predecessor-version":[{"id":7750,"href":"https:\/\/www.os-blagovna.si\/index.php?rest_route=\/wp\/v2\/pages\/6544\/revisions\/7750"}],"wp:attachment":[{"href":"https:\/\/www.os-blagovna.si\/index.php?rest_route=%2Fwp%2Fv2%2Fmedia&parent=6544"}],"curies":[{"name":"wp","href":"https:\/\/api.w.org\/{rel}","templated":true}]}}