{"id":7566,"date":"2025-04-04T12:19:50","date_gmt":"2025-04-04T10:19:50","guid":{"rendered":"https:\/\/osfm-blagovna.splet.arnes.si\/?page_id=7566"},"modified":"2026-04-13T13:03:44","modified_gmt":"2026-04-13T11:03:44","slug":"opis-dejavnosti","status":"publish","type":"page","link":"https:\/\/www.os-blagovna.si\/?page_id=7566","title":{"rendered":"DEJAVNOSTI RAZ\u0160IRJENEGA PROGRAMA \u0160olsko leto 2025\/2026"},"content":{"rendered":"<p>[et_pb_section fb_built=&#8221;1&#8243; fullwidth=&#8221;on&#8221; admin_label=&#8221;section&#8221; _builder_version=&#8221;4.16&#8243; global_colors_info=&#8221;{}&#8221;][et_pb_fullwidth_slider admin_label=&#8221;Fullwidth Slider&#8221; _builder_version=&#8221;4.18.0&#8243; custom_padding=&#8221;|||&#8221; custom_padding_tablet=&#8221;|||&#8221; custom_padding_phone=&#8221;|||&#8221; box_shadow_style=&#8221;preset6&#8243; box_shadow_blur=&#8221;10px&#8221; box_shadow_color=&#8221;rgba(0,0,0,0.1)&#8221; remove_inner_shadow=&#8221;off&#8221; hide_content_on_mobile=&#8221;off&#8221; hide_cta_on_mobile=&#8221;off&#8221; show_inner_shadow=&#8221;on&#8221; button_letter_spacing_hover=&#8221;0&#8243; global_module=&#8221;1575&#8243; saved_tabs=&#8221;all&#8221; global_colors_info=&#8221;{}&#8221; button_text_size__hover_enabled=&#8221;off&#8221; button_one_text_size__hover_enabled=&#8221;off&#8221; button_two_text_size__hover_enabled=&#8221;off&#8221; button_text_color__hover_enabled=&#8221;off&#8221; button_one_text_color__hover_enabled=&#8221;off&#8221; button_two_text_color__hover_enabled=&#8221;off&#8221; button_border_width__hover_enabled=&#8221;off&#8221; button_one_border_width__hover_enabled=&#8221;off&#8221; button_two_border_width__hover_enabled=&#8221;off&#8221; button_border_color__hover_enabled=&#8221;off&#8221; button_one_border_color__hover_enabled=&#8221;off&#8221; button_two_border_color__hover_enabled=&#8221;off&#8221; button_border_radius__hover_enabled=&#8221;off&#8221; button_one_border_radius__hover_enabled=&#8221;off&#8221; button_two_border_radius__hover_enabled=&#8221;off&#8221; button_letter_spacing__hover_enabled=&#8221;on&#8221; button_letter_spacing__hover=&#8221;0&#8243; button_one_letter_spacing__hover_enabled=&#8221;off&#8221; button_two_letter_spacing__hover_enabled=&#8221;off&#8221; button_bg_color__hover_enabled=&#8221;off&#8221; button_one_bg_color__hover_enabled=&#8221;off&#8221; button_two_bg_color__hover_enabled=&#8221;off&#8221;][et_pb_slide heading=&#8221;PO\u0160 Blagovna&#8221; _builder_version=&#8221;4.18.0&#8243; background_image=&#8221;https:\/\/www.os-blagovna.si\/files\/2015\/08\/blag4.jpg&#8221; background_enable_image=&#8221;on&#8221; button_icon_placement=&#8221;right&#8221; button_on_hover=&#8221;on&#8221; global_colors_info=&#8221;{}&#8221; button_one_text_size__hover_enabled=&#8221;off&#8221; button_two_text_size__hover_enabled=&#8221;off&#8221; button_one_text_color__hover_enabled=&#8221;off&#8221; button_two_text_color__hover_enabled=&#8221;off&#8221; button_one_border_width__hover_enabled=&#8221;off&#8221; button_two_border_width__hover_enabled=&#8221;off&#8221; button_one_border_color__hover_enabled=&#8221;off&#8221; button_two_border_color__hover_enabled=&#8221;off&#8221; button_one_border_radius__hover_enabled=&#8221;off&#8221; button_two_border_radius__hover_enabled=&#8221;off&#8221; button_letter_spacing__hover_enabled=&#8221;off&#8221; button_one_letter_spacing__hover_enabled=&#8221;off&#8221; button_two_letter_spacing__hover_enabled=&#8221;off&#8221; button_one_bg_color__hover_enabled=&#8221;off&#8221; button_two_bg_color__hover_enabled=&#8221;off&#8221; sticky_transition=&#8221;on&#8221;][\/et_pb_slide][et_pb_slide _builder_version=&#8221;4.18.0&#8243; _module_preset=&#8221;default&#8221; background_image=&#8221;https:\/\/www.os-blagovna.si\/files\/2015\/08\/logo-blagovna2.jpg&#8221; background_enable_image=&#8221;on&#8221; global_colors_info=&#8221;{}&#8221; sticky_transition=&#8221;on&#8221;][\/et_pb_slide][\/et_pb_fullwidth_slider][et_pb_fullwidth_menu menu_id=&#8221;4&#8243; submenu_direction=&#8221;downwards&#8221; admin_label=&#8221;Fullwidth Menu&#8221; _builder_version=&#8221;4.18.0&#8243; background_color=&#8221;#EDF000&#8243; global_colors_info=&#8221;{}&#8221;][\/et_pb_fullwidth_menu][\/et_pb_section][et_pb_section fb_built=&#8221;1&#8243; admin_label=&#8221;section&#8221; _builder_version=&#8221;4.16&#8243; global_colors_info=&#8221;{}&#8221;][et_pb_row admin_label=&#8221;row&#8221; _builder_version=&#8221;4.16&#8243; background_size=&#8221;initial&#8221; background_position=&#8221;top_left&#8221; background_repeat=&#8221;repeat&#8221; global_colors_info=&#8221;{}&#8221;][et_pb_column type=&#8221;4_4&#8243; _builder_version=&#8221;4.16&#8243; custom_padding=&#8221;|||&#8221; global_colors_info=&#8221;{}&#8221; custom_padding__hover=&#8221;|||&#8221;][et_pb_post_title meta=&#8221;off&#8221; featured_image=&#8221;off&#8221; _builder_version=&#8221;4.27.4&#8243; _module_preset=&#8221;default&#8221; hover_enabled=&#8221;0&#8243; global_colors_info=&#8221;{}&#8221; sticky_enabled=&#8221;0&#8243;][\/et_pb_post_title][et_pb_tabs _builder_version=&#8221;4.27.4&#8243; _module_preset=&#8221;default&#8221; hover_enabled=&#8221;0&#8243; global_colors_info=&#8221;{}&#8221; sticky_enabled=&#8221;0&#8243;][et_pb_tab title=&#8221;GIBANJE IN ZDRAVJE ZA DOBRO TELESNO IN DU\u0160EVNO PO\u010cUTJE&#8221; _builder_version=&#8221;4.27.4&#8243; _module_preset=&#8221;default&#8221; hover_enabled=&#8221;0&#8243; global_colors_info=&#8221;{}&#8221; sticky_enabled=&#8221;0&#8243;]<\/p>\n<table style=\"height: 46px;width: 100%;border-collapse: collapse;background-color: #dae9f7\" border=\"1\">\n<tbody>\n<tr style=\"height: 23px\">\n<td style=\"width: 100%;text-align: center;height: 23px\"><strong>PODRO\u010cJE: GIBANJE IN ZDRAVJE ZA DOBRO TELESNO IN DU\u0160EVNO PO\u010cUTJE<\/strong><\/td>\n<\/tr>\n<tr style=\"height: 23px\">\n<td style=\"width: 100%;height: 23px;text-align: center\"><strong>SKLOP: Gibanje<\/strong><\/td>\n<\/tr>\n<\/tbody>\n<\/table>\n<table style=\"border-collapse: collapse;width: 100%;height: 1414px\" border=\"1\">\n<tbody>\n<tr style=\"height: 23px;background-color: #dae9f7\">\n<td style=\"width: 50%;height: 23px\"><strong>VSEBINA: Gibanje za bolj\u0161o gibalno u\u010dinkovitost<\/strong><\/td>\n<td style=\"width: 50%;height: 23px\"><strong>RAZRED<\/strong><\/td>\n<\/tr>\n<tr style=\"height: 127px\">\n<td style=\"width: 50%;height: 127px\" width=\"473\">\n<p><strong><span>Planinski kro\u017eek\u00a0<\/span><\/strong><\/p>\n<p><span>U\u010denci spoznavajo naravno okolje, osnove orientacije in varnega gibanja v naravi ter razvijajo pozitiven odnos do okolja.<\/span><\/p>\n<\/td>\n<td style=\"width: 50%;height: 127px\" width=\"93\"><strong>1. \u2013 5.<\/strong><\/td>\n<\/tr>\n<tr style=\"height: 127px\">\n<td style=\"width: 50%;height: 127px\" width=\"473\">\n<p><strong>\u0160PORTNI KRO\u017dEK (\u0160PK 1)<\/strong><\/p>\n<p>Program vadbe je strukturiran v skladu s splo\u0161nimi na\u010deli \u0161portne vadbe: pripravljalni del (ogrevanje), glavni del in sklepni del (umirjanje). Glavni del vsebuje aerobno vadbo za razvoj vzdr\u017eljivosti, vadbo za mo\u010d, gibljivost in koordinacijo.<\/p>\n<\/td>\n<td style=\"width: 50%;height: 127px\" width=\"93\"><strong>1. \u2013 3.<\/strong><\/td>\n<\/tr>\n<tr style=\"height: 23px;background-color: #dae9f7\">\n<td style=\"width: 50%;height: 23px\" width=\"473\"><strong>VSEBINA: Kultura prehranjevanja<\/strong><\/td>\n<td style=\"width: 50%;height: 23px\" width=\"93\"><strong>RAZRED<\/strong><\/td>\n<\/tr>\n<tr style=\"height: 127px\">\n<td style=\"width: 50%;height: 127px\" width=\"473\">\n<p><strong>KOSILO<\/strong><\/p>\n<p>Program obsega osnovni bonton pri jedi, pravilno sedenje in dr\u017ea rok, higiena, uporaba jedilnega pribora, komunikacija za mizo in pogrinjki za razli\u010dne prilo\u017enosti, kot tudi upo\u0161tevanja osnovne higiene pri prehranjevanju.<\/p>\n<\/td>\n<td style=\"width: 50%;height: 127px\" width=\"93\"><strong>1. \u2013 5. <\/strong><\/td>\n<\/tr>\n<tr style=\"height: 23px;background-color: #dae9f7\">\n<td style=\"width: 50%;height: 23px\" width=\"473\"><strong>VSEBINA: Varnost<\/strong><\/td>\n<td style=\"width: 50%;height: 23px\" width=\"93\"><strong>RAZRED<\/strong><\/td>\n<\/tr>\n<tr style=\"height: 127px\">\n<td style=\"width: 50%;height: 127px\" width=\"473\">\n<p><strong>PRVA POMO\u010c<\/strong><\/p>\n<p>Z dejavnostjo prva pomo\u010d u\u010denci pridobijo znanje\u00a0 nudenja nujne pomo\u010di osebi v primeru bla\u017eje ali te\u017eje telesne po\u0161kodbe ali akutnega bolezenskega stanja, dokler se ne zagotovi zdravni\u0161ka\/strokovna oskrba.<\/p>\n<\/td>\n<td style=\"width: 50%;height: 127px\" width=\"93\"><strong>4. \u2013 5.<\/strong><\/td>\n<\/tr>\n<tr style=\"height: 127px\">\n<td style=\"width: 50%;height: 127px\" width=\"473\">\n<p><strong>KOLESARSKI IZPIT<\/strong><\/p>\n<p>Je program usposabljanja u\u010dencev za vo\u017enjo s\u00a0 kolesom. Po uspe\u0161no opravljenem teoreti\u010dnem in prakti\u010dnem delu u\u010denec pridobi kolesarsko izkaznico, ki mu dovoljuje vo\u017enjo s kolesom v prometu<\/p>\n<\/td>\n<td style=\"width: 50%;height: 127px\" width=\"93\"><strong>5. <\/strong><\/td>\n<\/tr>\n<tr style=\"height: 23px;background-color: #dae9f7\">\n<td style=\"width: 50%;height: 23px\" width=\"473\"><strong>VSEBINA: Varnost<\/strong><\/td>\n<td style=\"width: 50%;height: 23px\" width=\"93\"><strong>RAZRED<\/strong><\/td>\n<\/tr>\n<tr style=\"height: 179px\">\n<td style=\"width: 50%;height: 179px\" width=\"473\">\n<p><strong>NEON \u2013 PREPRE\u010cEVANJE NASILJA<\/strong><\/p>\n<p>Z u\u010denci izvajamo razli\u010dne dejavnosti (delavnice, u\u010denje tehnik, soo\u010danje s primeri itd.) s poudarkom na njihovi aktivni udele\u017ebi v procesu spreminjanja stali\u0161\u010d in vedenja, ki naslavlja vse oblike nasilja.<\/p>\n<p>&nbsp;<\/p>\n<\/td>\n<td style=\"width: 50%;height: 179px\" width=\"93\"><strong>1. \u2013 5.<\/strong><\/td>\n<\/tr>\n<\/tbody>\n<\/table>\n<p>[\/et_pb_tab][et_pb_tab title=&#8221;KULTURA IN DR\u017dAVLJANSKA VZGOJA&#8221; _builder_version=&#8221;4.27.4&#8243; _module_preset=&#8221;default&#8221; hover_enabled=&#8221;0&#8243; global_colors_info=&#8221;{}&#8221; sticky_enabled=&#8221;0&#8243;]<\/p>\n<table style=\"border-collapse: collapse;width: 100%\" border=\"1\">\n<tbody>\n<tr style=\"background-color: #ffffcc\">\n<td style=\"width: 99.9553%\" width=\"526\">\n<p style=\"text-align: center\"><strong>PODRO\u010cJE: KULTURA IN DR\u017dAVLJANSKA VZGOJA<\/strong><\/p>\n<\/td>\n<\/tr>\n<tr style=\"background-color: #ffffcc\">\n<td style=\"width: 99.9553%\" width=\"526\">\n<p style=\"text-align: center\"><strong>SKLOP: Kultura, umetnost in dedi\u0161\u010dina<\/strong><\/p>\n<\/td>\n<\/tr>\n<\/tbody>\n<\/table>\n<table style=\"border-collapse: collapse;width: 100%;height: 808px\" border=\"1\">\n<tbody>\n<tr style=\"background-color: #ffffcc\">\n<td style=\"width: 83.2887%;height: 24px\" width=\"392\"><strong>VSEBINA: Kulturno-umetnostna vzgoja<\/strong><\/td>\n<td style=\"width: 16.6667%;height: 24px\" width=\"76\"><strong>RAZRED <\/strong><\/td>\n<\/tr>\n<tr style=\"height: 136px\">\n<td style=\"width: 83.2887%;height: 136px\" width=\"392\">\n<p><strong><span>Glasbene urice\u00a0<\/span><\/strong><\/p>\n<p><span>Uvod v glasbo, razvijanje ob\u010dutka za ritem in melodijo skozi igro.<\/span><\/p>\n<\/td>\n<td style=\"width: 16.6667%;height: 136px\" width=\"76\">\n<p><strong><\/strong><\/p>\n<p><strong>1.\u00a0<\/strong><\/p>\n<p><strong>\u00a0<\/strong><\/p>\n<\/td>\n<\/tr>\n<tr style=\"height: 96px\">\n<td style=\"width: 83.2887%;height: 96px\" width=\"392\">\n<p><strong>Umetnost<\/strong><\/p>\n<p>Razvijanje likovnih in drugih uporabnih umetnosti.<\/p>\n<\/td>\n<td style=\"width: 16.6667%;height: 96px\" width=\"76\"><strong>4., 5.<\/strong><\/td>\n<\/tr>\n<tr style=\"height: 120px\">\n<td style=\"width: 83.2887%;height: 120px\" width=\"392\">\n<p><strong>Glasbene urice<\/strong><\/p>\n<p>Uvod v glasbo, razvijanje ob\u010dutka za ritem in melodijo skozi igro.<\/p>\n<\/td>\n<td style=\"width: 16.6667%;height: 120px\" width=\"76\"><strong>1.\u00a0<\/strong><\/td>\n<\/tr>\n<tr style=\"height: 120px\">\n<td style=\"width: 83.2887%;height: 120px\" width=\"392\">\n<p><strong>DRAMSKI KRO\u017dEK<\/strong><\/p>\n<p>Dramski kro\u017eek je namenjen u\u010dencem, ki jih zanima gledali\u0161\u010de, igra in izra\u017eanje skozi dramsko ustvarjanje. Udele\u017eenci skozi razli\u010dne vaje razvijajo govorne, gibalne in izrazne sposobnosti ter krepijo samozavest in ustvarjalnost. Kro\u017eek vklju\u010duje pripravo kraj\u0161ih prizorov, improvizacijo, bralne uprizoritve ter sodelovanje na \u0161olskih in drugih prireditvah.<\/p>\n<\/td>\n<td style=\"width: 16.6667%;height: 120px\" width=\"76\"><strong>3. \u2013 5.<\/strong><\/td>\n<\/tr>\n<tr style=\"background-color: #ffffcc\">\n<td style=\"width: 83.2887%;height: 24px\" width=\"392\"><strong>VSEBINA: Kultura sobivanja<\/strong><\/td>\n<td style=\"width: 16.6667%;height: 24px\" width=\"76\"><strong>RAZRED <\/strong><\/td>\n<\/tr>\n<tr style=\"height: 144px\">\n<td style=\"width: 83.2887%;height: 144px\" width=\"392\">\n<p><strong>URA ODDEL\u010cNE SKUPNOSTI<\/strong><\/p>\n<p>U\u010denci se u\u010dijo prevzemati vloge in odgovornosti, ki jih ima posameznik v skupnosti. Pri oblikovanju skupnih odlo\u010ditev se u\u010dijo upo\u0161tevati vsakega posameznika, oblikovati konsenz in sprejemati odgovornosti za dobrobit skupnosti. Vklju\u010dujejo se v re\u0161evanje aktualnih \u0161olskih in \u0161ir\u0161ih dru\u017ebenih problemov, npr. sodelujejo pri organizaciji in izvedbi dobrodelnih in solidarnostnih akcij v \u0161oli ali zunaj nje, oblikovanju pravil \u0161olskega reda, vzgojnega na\u010drta, vrstni\u0161ki mediaciji, naslavljajo predloge za spremembe v \u0161olski in lokalni skupnosti ipd.<\/p>\n<\/td>\n<td style=\"width: 16.6667%;height: 144px\" width=\"76\"><strong>2. \u2013 5.<\/strong><\/td>\n<\/tr>\n<tr style=\"background-color: #ffffcc\">\n<td style=\"width: 83.2887%;height: 24px\" width=\"392\"><strong>VSEBINA: Stiki med kulturami<\/strong><\/td>\n<td style=\"width: 16.6667%;height: 24px\" width=\"76\"><strong>RAZRED<\/strong><\/td>\n<\/tr>\n<tr style=\"height: 120px\">\n<td style=\"width: 83.2887%;height: 120px\" width=\"392\">\n<p><strong>NEM\u0160KI JEZIK<\/strong><\/p>\n<p>Dejavnost je namenjena u\u010dencem, ki \u017eelijo spoznati osnove nem\u0161kega jezika. Skozi interaktivne in zabavne metode, kot so igre, pesmi, dialogi in kraj\u0161e vaje, u\u010denci razvijajo razumevanje, govorno spretnost in osnovno pisno izra\u017eanje. Hkrati spoznavajo kulturo in obi\u010daje nem\u0161ko govore\u010dih dr\u017eav.<\/p>\n<\/td>\n<td style=\"width: 16.6667%;height: 120px\" width=\"76\"><strong>4. \u2013 5.<\/strong><\/td>\n<\/tr>\n<\/tbody>\n<\/table>\n<p>[\/et_pb_tab][et_pb_tab title=&#8221;U\u010cENJE U\u010cENJA&#8221; _builder_version=&#8221;4.27.4&#8243; _module_preset=&#8221;default&#8221; hover_enabled=&#8221;0&#8243; global_colors_info=&#8221;{}&#8221; sticky_enabled=&#8221;0&#8243;]<\/p>\n<table style=\"width: 100%;border-collapse: collapse;background-color: #fae2d5\" border=\"1\">\n<tbody>\n<tr>\n<td style=\"width: 99.9553%\" width=\"857\">\n<p style=\"text-align: center\"><strong>PODRO\u010cJE: U\u010cENJE U\u010cENJA<\/strong><\/p>\n<\/td>\n<\/tr>\n<tr>\n<td style=\"width: 99.9553%\" width=\"857\">\n<p style=\"text-align: center\"><strong>SKLOP: Samostojno in sodelovalno u\u010denje<\/strong><\/p>\n<\/td>\n<\/tr>\n<\/tbody>\n<\/table>\n<table style=\"border-collapse: collapse;width: 100%;height: 1584px\" border=\"1\">\n<tbody>\n<tr style=\"background-color: #fae2d5\">\n<td style=\"width: 83.6461%;height: 96px\" width=\"649\">\n<p><strong>VSEBINA: Dodatna podpora in pomo\u010d pri u\u010denju<\/strong><\/p>\n<p><strong>VSEBINA: Raziskovanje in priprava na tekmovanja<\/strong><\/p>\n<\/td>\n<td style=\"width: 16.3092%;height: 96px\" width=\"124\"><strong>RAZRED <\/strong><\/td>\n<\/tr>\n<tr style=\"height: 96px\">\n<td style=\"width: 83.6461%;height: 96px\" width=\"649\">\n<p data-cya11y-org-font-size=\"14\"><strong>Pomo\u010d pri u\u010denju (dopolnilni pouk)<\/strong><\/p>\n<p data-cya11y-org-font-size=\"14\">Dodatna razlaga u\u010dne snovi za bolj\u0161e razumevanje. U\u010denci utrjujejo osnovno znanje, delo poteka v manj\u0161ih skupinah ali individualno.<\/p>\n<\/td>\n<td style=\"width: 16.3092%;height: 96px\" width=\"124\"><strong>1. \u2013 5. <\/strong><\/td>\n<\/tr>\n<tr style=\"height: 96px\">\n<td style=\"width: 83.6461%;height: 96px\" width=\"649\">\n<p data-cya11y-org-font-size=\"14\"><strong>Zmorem ve\u010d (dodatni pouk)<\/strong><\/p>\n<p data-cya11y-org-font-size=\"14\">Poglobljeno delo za u\u010dence, ki \u017eelijo ve\u010d izzivov.<\/p>\n<\/td>\n<td style=\"width: 16.3092%;height: 96px\" width=\"124\"><strong>1. \u2013 5. <\/strong><\/td>\n<\/tr>\n<tr>\n<td style=\"width: 83.6461%\">\n<p data-cya11y-org-font-size=\"14\"><strong>TEHNIKA<\/strong><\/p>\n<p data-cya11y-org-font-size=\"14\">Prakti\u010dno delo z materiali in orodji.<strong><\/strong><\/p>\n<\/td>\n<td style=\"width: 16.3092%\"><strong>4. \u2013 5.<\/strong><\/td>\n<\/tr>\n<tr>\n<td style=\"width: 83.6461%\">\n<p data-cya11y-org-font-size=\"14\"><strong>VESELA \u0160OLA<\/strong><\/p>\n<\/td>\n<td style=\"width: 16.3092%\"><strong>4. \u2013 5.<\/strong><\/td>\n<\/tr>\n<tr>\n<td style=\"width: 83.6461%\">\n<p data-cya11y-org-font-size=\"14\"><strong>\u0160AH<\/strong><\/p>\n<p data-cya11y-org-font-size=\"14\">Razvijanje logi\u010dnega mi\u0161ljenja, strategije in koncentracije.<\/p>\n<\/td>\n<td style=\"width: 16.3092%\"><strong>2. \u2013 5.<\/strong><\/td>\n<\/tr>\n<tr style=\"background-color: #fae2d5\">\n<td style=\"width: 83.6461%;height: 24px\" width=\"649\"><strong>VSEBINA: Spodbujanje branja in pisanje ter razvoj bralne pismenosti<\/strong><\/td>\n<td style=\"width: 16.3092%;height: 24px\" width=\"124\"><strong>RAZRED <\/strong><\/td>\n<\/tr>\n<tr style=\"height: 144px\">\n<td style=\"width: 83.6461%;height: 144px\" width=\"649\">\n<p><strong>U\u010cNI IN BRALNI BOTRI<\/strong><\/p>\n<p>Dejavnosti u\u010dnih in bralnih botrov so namenjene u\u010dencem, ki \u017eelijo pomagati mlaj\u0161im vrstnikom pri u\u010denju in branju ter s tem razvijati odgovornost, potrpe\u017eljivost in komunikacijske spretnosti. Starej\u0161i u\u010denci skozi mentorsko vlogo pomagajo mlaj\u0161im pri utrjevanju u\u010dne snovi, razumevanju besedil in izbolj\u0161evanju bralnih ve\u0161\u010din.<\/p>\n<\/td>\n<td style=\"width: 16.3092%;height: 144px\" width=\"124\"><strong>4. \u2013 5.<\/strong><\/td>\n<\/tr>\n<tr style=\"height: 264px\">\n<td style=\"width: 83.6461%;height: 264px\" width=\"649\">\n<p><strong>Branje in pisanje<\/strong><\/p>\n<p>Dejavnosti branja in pisanja bodo temeljila na pozitivnem pristopu do izpopolnjevanja bralne pismenosti. V vseh razredih bomo v sklopu ur povezali dejavnost z rednim obiskovanjem \u0161olske knji\u017enice. Prvi razredi bodo gradili glasovno in pisno zavedanje, se soo\u010dili z utrjevanjem za\u010detnega branja in grafomotoriko. Drugi razredi so lahko ponosni na prva zavedanja o prebranem in sku\u0161ajo oblikovati samostojne kraj\u0161e zapise o prebranem. V tretjih razredih se oblikujejo za\u010detki samostojnega bralnega razumevanja, ko mora branje \u017ee postati teko\u010de in lahko izbolj\u0161ujejo pisanje, ubesedovanje svojega mnenja o prebranem. \u010cetrti in peti razredi bodo s spoznavanjem in u\u010denjem razli\u010dnih bralnih strategij pridobili ve\u0161\u010dine, ki bodo v pomo\u010d pri u\u010denju vseh predmetov. Ker gre za razvojno dejavnost \u0161ole, bomo to vklju\u010dili v vse razrede razredne stopnje.<\/p>\n<\/td>\n<td style=\"width: 16.3092%;height: 264px\" width=\"124\"><strong>1. \u2013 5.<\/strong><\/td>\n<\/tr>\n<tr style=\"background-color: #fae2d5\">\n<td style=\"width: 83.6461%;height: 24px\" width=\"649\"><strong>VSEBINA: Ra\u010dunalni\u0161tvo, informatika, tehnologija, mediji<\/strong><\/td>\n<td style=\"width: 16.3092%;height: 24px\" width=\"124\"><strong>RAZRED <\/strong><\/td>\n<\/tr>\n<tr style=\"height: 192px\">\n<td style=\"width: 83.6461%;height: 192px\" width=\"649\">\n<p><strong>RA\u010cUNALNI\u0160TVO<\/strong><\/p>\n<p>Ra\u010dunalni\u0161ki kro\u017eek je namenjen u\u010dencem, ki \u017eelijo razvijati digitalne spretnosti, programiranje in logi\u010dno razmi\u0161ljanje. Skozi ustvarjalne naloge spoznavajo osnove programskih jezikov, algoritmov, varne rabe interneta ter obdelave podatkov. U\u010denci ustvarjajo preproste ra\u010dunalni\u0161ke programe, animacije in interaktivne projekte. Kro\u017eek spodbuja kreativnost, re\u0161evanje problemov in tehni\u010dno razumevanje digitalnega sveta. Cilj dejavnosti je pridobivanje uporabnega znanja s podro\u010dja ra\u010dunalni\u0161tva ter razvijanje samostojnosti in inovativnosti pri delu z digitalnimi tehnologijami.<\/p>\n<p><strong><span>Ra\u010dunalni\u0161ki kro\u017eek<\/span><\/strong><br \/><span>U\u010denci spoznavajo osnovne ra\u010dunalni\u0161ke spretnosti, tipkanje in varno rabo interneta.<\/span><\/p>\n<\/td>\n<td style=\"width: 16.3092%;height: 192px\" width=\"124\">\n<p><strong>4. \u2013 5.<\/strong><\/p>\n<p><strong>3.<\/strong><\/p>\n<\/td>\n<\/tr>\n<tr style=\"background-color: #fae2d5\">\n<td style=\"width: 83.6461%;height: 24px\" width=\"649\"><strong>VSEBINA: Prosta in didakti\u010dna igra<\/strong><\/td>\n<td style=\"width: 16.3092%;height: 24px\" width=\"124\"><strong>RAZRED<\/strong><\/td>\n<\/tr>\n<tr style=\"height: 192px\">\n<td style=\"width: 83.6461%;height: 192px\" width=\"649\">\n<p><strong>U\u010cENJE Z IGRO<\/strong><\/p>\n<p>Dejavnost je namenjen u\u010dencem, ki \u017eelijo u\u010denje povezati z zabavo in ustvarjalnostjo. Skozi razli\u010dne igre u\u010denci razvijajo svoje kognitivne in socialne spretnosti, hkrati pa se u\u010dijo sodelovanja, re\u0161evanja problemov in kreativnega mi\u0161ljenja. Vklju\u010deni so tako prosti igralni trenutki, kjer u\u010denci sami izbirajo aktivnosti, kot tudi didakti\u010dne igre, ki so usmerjene v razvoj specifi\u010dnih ve\u0161\u010din (npr. matemati\u010dne, jezikovne, logi\u010dne). Cilj dejavnosti je spodbujanje radovednosti, izbolj\u0161anje pozornosti in koncentracije ter krepitev timskega dela in komunikacije v spro\u0161\u010denem in podpornih u\u010dnih okoljih.<\/p>\n<\/td>\n<td style=\"width: 16.3092%;height: 192px\" width=\"124\"><strong>1. \u2013 5.<\/strong><\/td>\n<\/tr>\n<\/tbody>\n<\/table>\n<p>[\/et_pb_tab][\/et_pb_tabs][\/et_pb_column][\/et_pb_row][\/et_pb_section]<\/p>\n","protected":false},"excerpt":{"rendered":"<p>PODRO\u010cJE: GIBANJE IN ZDRAVJE ZA DOBRO TELESNO IN DU\u0160EVNO PO\u010cUTJE SKLOP: Gibanje VSEBINA: Gibanje za bolj\u0161o gibalno u\u010dinkovitost RAZRED Planinski kro\u017eek\u00a0 U\u010denci spoznavajo naravno okolje, osnove orientacije in varnega gibanja v naravi ter razvijajo pozitiven odnos do okolja. 1. \u2013 5. \u0160PORTNI KRO\u017dEK (\u0160PK 1) Program vadbe je strukturiran v skladu s splo\u0161nimi na\u010deli \u0161portne [&hellip;]<\/p>\n","protected":false},"author":101227,"featured_media":0,"parent":0,"menu_order":0,"comment_status":"closed","ping_status":"closed","template":"","meta":{"_et_pb_use_builder":"on","_et_pb_old_content":"","_et_gb_content_width":"","ngg_post_thumbnail":0,"footnotes":"","_expiration-date-status":"","_expiration-date":0,"_expiration-date-type":"","_expiration-date-categories":[],"_expiration-date-options":[]},"class_list":["post-7566","page","type-page","status-publish","hentry"],"_links":{"self":[{"href":"https:\/\/www.os-blagovna.si\/index.php?rest_route=\/wp\/v2\/pages\/7566","targetHints":{"allow":["GET"]}}],"collection":[{"href":"https:\/\/www.os-blagovna.si\/index.php?rest_route=\/wp\/v2\/pages"}],"about":[{"href":"https:\/\/www.os-blagovna.si\/index.php?rest_route=\/wp\/v2\/types\/page"}],"author":[{"embeddable":true,"href":"https:\/\/www.os-blagovna.si\/index.php?rest_route=\/wp\/v2\/users\/101227"}],"replies":[{"embeddable":true,"href":"https:\/\/www.os-blagovna.si\/index.php?rest_route=%2Fwp%2Fv2%2Fcomments&post=7566"}],"version-history":[{"count":11,"href":"https:\/\/www.os-blagovna.si\/index.php?rest_route=\/wp\/v2\/pages\/7566\/revisions"}],"predecessor-version":[{"id":8582,"href":"https:\/\/www.os-blagovna.si\/index.php?rest_route=\/wp\/v2\/pages\/7566\/revisions\/8582"}],"wp:attachment":[{"href":"https:\/\/www.os-blagovna.si\/index.php?rest_route=%2Fwp%2Fv2%2Fmedia&parent=7566"}],"curies":[{"name":"wp","href":"https:\/\/api.w.org\/{rel}","templated":true}]}}