{"id":7771,"date":"2025-05-29T14:27:03","date_gmt":"2025-05-29T12:27:03","guid":{"rendered":"https:\/\/osfm-blagovna.splet.arnes.si\/?page_id=7771"},"modified":"2025-06-20T13:34:04","modified_gmt":"2025-06-20T11:34:04","slug":"solsko-leto-2025-2026","status":"publish","type":"page","link":"https:\/\/www.os-blagovna.si\/?page_id=7771","title":{"rendered":"\u0160olsko leto 2025\/2026"},"content":{"rendered":"<p>[et_pb_section fb_built=&#8221;1&#8243; _builder_version=&#8221;4.16&#8243; global_colors_info=&#8221;{}&#8221;][et_pb_row _builder_version=&#8221;4.27.4&#8243; background_size=&#8221;initial&#8221; background_position=&#8221;top_left&#8221; background_repeat=&#8221;repeat&#8221; global_colors_info=&#8221;{}&#8221;][et_pb_column type=&#8221;4_4&#8243; _builder_version=&#8221;4.16&#8243; custom_padding=&#8221;|||&#8221; global_colors_info=&#8221;{}&#8221; custom_padding__hover=&#8221;|||&#8221;][et_pb_text _builder_version=&#8221;4.27.4&#8243; background_size=&#8221;initial&#8221; background_position=&#8221;top_left&#8221; background_repeat=&#8221;repeat&#8221; hover_enabled=&#8221;0&#8243; global_colors_info=&#8221;{}&#8221; sticky_enabled=&#8221;0&#8243;]<\/p>\n<p><a href=\"https:\/\/www.os-blagovna.si\/files\/2025\/06\/zvezki-bl1.pdf\" target=\"_blank\" rel=\"noopener\">SEZNAM ZVEZKOV PO RAZREDIH IN PREDMETIH<\/a><\/p>\n<p><a href=\"https:\/\/www.os-blagovna.si\/files\/2025\/05\/BL-2526.pdf\" target=\"_blank\" rel=\"noopener\">OBVESTILO O U\u010cBENIKIH IN DELOVNIH ZVEZKIH od 1. do 5. razreda<\/a><\/p>\n<p><a href=\"https:\/\/www.os-blagovna.si\/files\/2025\/05\/DZ-soglasje-starsev.pdf\">SOGLASJE ZA ENOTNI NAKUP U\u010cNIH GRADIV &#8211; PRIJAVNICA ZA \u0160OLSKO LETO 2025\/2026<\/a><\/p>\n<p>&nbsp;<\/p>\n<p><strong><a href=\"http:\/\/osfm-blagovna.splet.arnes.si\/files\/2021\/05\/ElektronskoIzpolnjevanjePDFObrazcev.pdf\" target=\"_blank\" rel=\"noopener noreferrer\">Navodila za elektronsko izpolnjevanje PDF obrazcev<\/a><\/strong><\/p>\n<p>[\/et_pb_text][\/et_pb_column][\/et_pb_row][\/et_pb_section]<\/p>\n","protected":false},"excerpt":{"rendered":"<p>SEZNAM ZVEZKOV PO RAZREDIH IN PREDMETIH OBVESTILO O U\u010cBENIKIH IN DELOVNIH ZVEZKIH od 1. do 5. razreda SOGLASJE ZA ENOTNI NAKUP U\u010cNIH GRADIV &#8211; PRIJAVNICA ZA \u0160OLSKO LETO 2025\/2026 &nbsp; Navodila za elektronsko izpolnjevanje PDF obrazcev<\/p>\n","protected":false},"author":100975,"featured_media":0,"parent":0,"menu_order":0,"comment_status":"closed","ping_status":"closed","template":"","meta":{"_et_pb_use_builder":"on","_et_pb_old_content":"","_et_gb_content_width":"","ngg_post_thumbnail":0,"footnotes":"","_expiration-date-status":"","_expiration-date":0,"_expiration-date-type":"","_expiration-date-categories":[],"_expiration-date-options":[]},"class_list":["post-7771","page","type-page","status-publish","hentry"],"_links":{"self":[{"href":"https:\/\/www.os-blagovna.si\/index.php?rest_route=\/wp\/v2\/pages\/7771","targetHints":{"allow":["GET"]}}],"collection":[{"href":"https:\/\/www.os-blagovna.si\/index.php?rest_route=\/wp\/v2\/pages"}],"about":[{"href":"https:\/\/www.os-blagovna.si\/index.php?rest_route=\/wp\/v2\/types\/page"}],"author":[{"embeddable":true,"href":"https:\/\/www.os-blagovna.si\/index.php?rest_route=\/wp\/v2\/users\/100975"}],"replies":[{"embeddable":true,"href":"https:\/\/www.os-blagovna.si\/index.php?rest_route=%2Fwp%2Fv2%2Fcomments&post=7771"}],"version-history":[{"count":9,"href":"https:\/\/www.os-blagovna.si\/index.php?rest_route=\/wp\/v2\/pages\/7771\/revisions"}],"predecessor-version":[{"id":7944,"href":"https:\/\/www.os-blagovna.si\/index.php?rest_route=\/wp\/v2\/pages\/7771\/revisions\/7944"}],"wp:attachment":[{"href":"https:\/\/www.os-blagovna.si\/index.php?rest_route=%2Fwp%2Fv2%2Fmedia&parent=7771"}],"curies":[{"name":"wp","href":"https:\/\/api.w.org\/{rel}","templated":true}]}}